{"id":9173,"date":"2023-02-16T10:36:42","date_gmt":"2023-02-16T07:36:42","guid":{"rendered":"https:\/\/vizyonmakina.com.tr\/?page_id=9173"},"modified":"2023-07-30T15:22:19","modified_gmt":"2023-07-30T12:22:19","slug":"powder-coating-booths-with-filter","status":"publish","type":"page","link":"https:\/\/vizyonmakina.com.tr\/en\/powder-coating-booths-with-filter\/","title":{"rendered":"Powder Coating Booths With Filter"},"content":{"rendered":"\t\t<div data-elementor-type=\"wp-page\" data-elementor-id=\"9173\" class=\"elementor elementor-9173\">\n\t\t\t\t\t\t\t\t\t<section class=\"elementor-section elementor-top-section elementor-element elementor-element-9375757 elementor-section-boxed elementor-section-height-default elementor-section-height-default\" data-id=\"9375757\" data-element_type=\"section\">\n\t\t\t\t\t\t<div class=\"elementor-container elementor-column-gap-default\">\n\t\t\t\t\t<div class=\"elementor-column elementor-col-100 elementor-top-column elementor-element elementor-element-e49266f\" data-id=\"e49266f\" data-element_type=\"column\">\n\t\t\t<div class=\"elementor-widget-wrap elementor-element-populated\">\n\t\t\t\t\t\t\t\t<div class=\"elementor-element elementor-element-c6a5d16 elementor-widget elementor-widget-heading\" data-id=\"c6a5d16\" data-element_type=\"widget\" data-widget_type=\"heading.default\">\n\t\t\t\t<div class=\"elementor-widget-container\">\n\t\t\t<h1 class=\"elementor-heading-title elementor-size-default\">Powder Coating Booths With Filter<\/h1>\t\t<\/div>\n\t\t\t\t<\/div>\n\t\t\t\t<div class=\"elementor-element elementor-element-f8ce09b elementor-widget elementor-widget-text-editor\" data-id=\"f8ce09b\" data-element_type=\"widget\" data-widget_type=\"text-editor.default\">\n\t\t\t\t<div class=\"elementor-widget-container\">\n\t\t\t\t\t\t\t<p>Powder coating booths are indispensable elements of electrostatic painting and coating systems. It is essential to have a cabinet in the system in order to ensure the recovery of costly powder coatings and to prevent environmental pollution. The powder coating cabinet types produced by our company offer different solutions for the recovery and reuse of paint. With the systems added to the powder coating booths, the recovery of paints is improved. In automatic systems, paints that cannot be used thanks to the floor sweeping mechanism are automatically recovered to the warehouses and from there to the recycling system.<\/p>\t\t\t\t\t\t<\/div>\n\t\t\t\t<\/div>\n\t\t\t\t\t<\/div>\n\t\t<\/div>\n\t\t\t\t\t\t\t<\/div>\n\t\t<\/section>\n\t\t\t\t<section class=\"elementor-section elementor-top-section elementor-element elementor-element-5d4948d elementor-section-boxed elementor-section-height-default elementor-section-height-default\" data-id=\"5d4948d\" data-element_type=\"section\">\n\t\t\t\t\t\t<div class=\"elementor-container elementor-column-gap-default\">\n\t\t\t\t\t<div class=\"elementor-column elementor-col-100 elementor-top-column elementor-element elementor-element-1251f50\" data-id=\"1251f50\" data-element_type=\"column\">\n\t\t\t<div class=\"elementor-widget-wrap elementor-element-populated\">\n\t\t\t\t\t\t\t\t<div class=\"elementor-element elementor-element-a5765dd gallery-spacing-custom elementor-widget elementor-widget-image-gallery\" data-id=\"a5765dd\" data-element_type=\"widget\" data-widget_type=\"image-gallery.default\">\n\t\t\t\t<div class=\"elementor-widget-container\">\n\t\t\t\t\t<div class=\"elementor-image-gallery\">\n\t\t\t\n\t\t<style type=\"text\/css\">\n\t\t\t#gallery-1 {\n\t\t\t\tmargin: auto;\n\t\t\t}\n\t\t\t#gallery-1 .gallery-item {\n\t\t\t\tfloat: left;\n\t\t\t\tmargin-top: 10px;\n\t\t\t\ttext-align: center;\n\t\t\t\twidth: 25%;\n\t\t\t}\n\t\t\t#gallery-1 img {\n\t\t\t\tborder: 2px solid #cfcfcf;\n\t\t\t}\n\t\t\t#gallery-1 .gallery-caption {\n\t\t\t\tmargin-left: 0;\n\t\t\t}\n\t\t\t\/* see gallery_shortcode() in wp-includes\/media.php *\/\n\t\t<\/style>\n\t\t<div id='gallery-1' class='gallery galleryid-9173 gallery-columns-4 gallery-size-full'><dl class='gallery-item'>\n\t\t\t<dt class='gallery-icon landscape'>\n\t\t\t\t<a data-elementor-open-lightbox=\"yes\" data-elementor-lightbox-slideshow=\"a5765dd\" data-elementor-lightbox-title=\"kabinler-toz-boya-kabinleri-filtreli (4)\" data-e-action-hash=\"#elementor-action%3Aaction%3Dlightbox%26settings%3DeyJpZCI6OTE4MSwidXJsIjoiaHR0cHM6XC9cL3Zpenlvbm1ha2luYS5jb20udHJcL2VuXC93cC1jb250ZW50XC91cGxvYWRzXC8yMDIzXC8wMlwva2FiaW5sZXItdG96LWJveWEta2FiaW5sZXJpLWZpbHRyZWxpLTQud2VicCIsInNsaWRlc2hvdyI6ImE1NzY1ZGQifQ%3D%3D\" href='https:\/\/vizyonmakina.com.tr\/en\/wp-content\/uploads\/2023\/02\/kabinler-toz-boya-kabinleri-filtreli-4.webp'><img fetchpriority=\"high\" width=\"800\" height=\"600\" src=\"https:\/\/vizyonmakina.com.tr\/en\/wp-content\/uploads\/2023\/02\/kabinler-toz-boya-kabinleri-filtreli-4.webp\" class=\"attachment-full size-full\" alt=\"\" decoding=\"async\" aria-describedby=\"gallery-1-9181\" srcset=\"https:\/\/vizyonmakina.com.tr\/en\/wp-content\/uploads\/2023\/02\/kabinler-toz-boya-kabinleri-filtreli-4.webp 800w, https:\/\/vizyonmakina.com.tr\/en\/wp-content\/uploads\/2023\/02\/kabinler-toz-boya-kabinleri-filtreli-4-300x225.webp 300w, https:\/\/vizyonmakina.com.tr\/en\/wp-content\/uploads\/2023\/02\/kabinler-toz-boya-kabinleri-filtreli-4-768x576.webp 768w\" sizes=\"(max-width: 800px) 100vw, 800px\" \/><\/a>\n\t\t\t<\/dt>\n\t\t\t\t<dd class='wp-caption-text gallery-caption' id='gallery-1-9181'>\n\t\t\t\tCabins\n\t\t\t\t<\/dd><\/dl><dl class='gallery-item'>\n\t\t\t<dt class='gallery-icon landscape'>\n\t\t\t\t<a data-elementor-open-lightbox=\"yes\" data-elementor-lightbox-slideshow=\"a5765dd\" data-elementor-lightbox-title=\"F\u0130LTREL\u0130 KAB.1\" data-e-action-hash=\"#elementor-action%3Aaction%3Dlightbox%26settings%3DeyJpZCI6MTAxMTMsInVybCI6Imh0dHBzOlwvXC92aXp5b25tYWtpbmEuY29tLnRyXC9lblwvd3AtY29udGVudFwvdXBsb2Fkc1wvMjAyM1wvMDdcL0ZJTFRSRUxJLUtBQi4xLndlYnAiLCJzbGlkZXNob3ciOiJhNTc2NWRkIn0%3D\" href='https:\/\/vizyonmakina.com.tr\/en\/wp-content\/uploads\/2023\/07\/FILTRELI-KAB.1.webp'><img width=\"800\" height=\"600\" src=\"https:\/\/vizyonmakina.com.tr\/en\/wp-content\/uploads\/2023\/07\/FILTRELI-KAB.1.webp\" class=\"attachment-full size-full\" alt=\"\" decoding=\"async\" aria-describedby=\"gallery-1-10113\" srcset=\"https:\/\/vizyonmakina.com.tr\/en\/wp-content\/uploads\/2023\/07\/FILTRELI-KAB.1.webp 800w, https:\/\/vizyonmakina.com.tr\/en\/wp-content\/uploads\/2023\/07\/FILTRELI-KAB.1-300x225.webp 300w, https:\/\/vizyonmakina.com.tr\/en\/wp-content\/uploads\/2023\/07\/FILTRELI-KAB.1-768x576.webp 768w\" sizes=\"(max-width: 800px) 100vw, 800px\" \/><\/a>\n\t\t\t<\/dt>\n\t\t\t\t<dd class='wp-caption-text gallery-caption' id='gallery-1-10113'>\n\t\t\t\tCabins\n\t\t\t\t<\/dd><\/dl><dl class='gallery-item'>\n\t\t\t<dt class='gallery-icon landscape'>\n\t\t\t\t<a data-elementor-open-lightbox=\"yes\" data-elementor-lightbox-slideshow=\"a5765dd\" data-elementor-lightbox-title=\"F\u0130LTREL\u0130 KAB\u0130N\" data-e-action-hash=\"#elementor-action%3Aaction%3Dlightbox%26settings%3DeyJpZCI6MTAxMTksInVybCI6Imh0dHBzOlwvXC92aXp5b25tYWtpbmEuY29tLnRyXC9lblwvd3AtY29udGVudFwvdXBsb2Fkc1wvMjAyM1wvMDdcL0ZJTFRSRUxJLUtBQklOLndlYnAiLCJzbGlkZXNob3ciOiJhNTc2NWRkIn0%3D\" href='https:\/\/vizyonmakina.com.tr\/en\/wp-content\/uploads\/2023\/07\/FILTRELI-KABIN.webp'><img width=\"800\" height=\"600\" src=\"https:\/\/vizyonmakina.com.tr\/en\/wp-content\/uploads\/2023\/07\/FILTRELI-KABIN.webp\" class=\"attachment-full size-full\" alt=\"\" decoding=\"async\" aria-describedby=\"gallery-1-10119\" srcset=\"https:\/\/vizyonmakina.com.tr\/en\/wp-content\/uploads\/2023\/07\/FILTRELI-KABIN.webp 800w, https:\/\/vizyonmakina.com.tr\/en\/wp-content\/uploads\/2023\/07\/FILTRELI-KABIN-300x225.webp 300w, https:\/\/vizyonmakina.com.tr\/en\/wp-content\/uploads\/2023\/07\/FILTRELI-KABIN-768x576.webp 768w\" sizes=\"(max-width: 800px) 100vw, 800px\" \/><\/a>\n\t\t\t<\/dt>\n\t\t\t\t<dd class='wp-caption-text gallery-caption' id='gallery-1-10119'>\n\t\t\t\tCabins\n\t\t\t\t<\/dd><\/dl><dl class='gallery-item'>\n\t\t\t<dt class='gallery-icon landscape'>\n\t\t\t\t<a data-elementor-open-lightbox=\"yes\" data-elementor-lightbox-slideshow=\"a5765dd\" data-elementor-lightbox-title=\"F\u0130LTREL\u0130 KAB.4\" data-e-action-hash=\"#elementor-action%3Aaction%3Dlightbox%26settings%3DeyJpZCI6MTAxMTYsInVybCI6Imh0dHBzOlwvXC92aXp5b25tYWtpbmEuY29tLnRyXC9lblwvd3AtY29udGVudFwvdXBsb2Fkc1wvMjAyM1wvMDdcL0ZJTFRSRUxJLUtBQi40LndlYnAiLCJzbGlkZXNob3ciOiJhNTc2NWRkIn0%3D\" href='https:\/\/vizyonmakina.com.tr\/en\/wp-content\/uploads\/2023\/07\/FILTRELI-KAB.4.webp'><img loading=\"lazy\" width=\"800\" height=\"600\" src=\"https:\/\/vizyonmakina.com.tr\/en\/wp-content\/uploads\/2023\/07\/FILTRELI-KAB.4.webp\" class=\"attachment-full size-full\" alt=\"\" decoding=\"async\" aria-describedby=\"gallery-1-10116\" srcset=\"https:\/\/vizyonmakina.com.tr\/en\/wp-content\/uploads\/2023\/07\/FILTRELI-KAB.4.webp 800w, https:\/\/vizyonmakina.com.tr\/en\/wp-content\/uploads\/2023\/07\/FILTRELI-KAB.4-300x225.webp 300w, https:\/\/vizyonmakina.com.tr\/en\/wp-content\/uploads\/2023\/07\/FILTRELI-KAB.4-768x576.webp 768w\" sizes=\"(max-width: 800px) 100vw, 800px\" \/><\/a>\n\t\t\t<\/dt>\n\t\t\t\t<dd class='wp-caption-text gallery-caption' id='gallery-1-10116'>\n\t\t\t\tCabins\n\t\t\t\t<\/dd><\/dl><br style=\"clear: both\" \/><dl class='gallery-item'>\n\t\t\t<dt class='gallery-icon landscape'>\n\t\t\t\t<a data-elementor-open-lightbox=\"yes\" data-elementor-lightbox-slideshow=\"a5765dd\" data-elementor-lightbox-title=\"F\u0130LTREL\u0130 KAB.5\" data-e-action-hash=\"#elementor-action%3Aaction%3Dlightbox%26settings%3DeyJpZCI6MTAxMTcsInVybCI6Imh0dHBzOlwvXC92aXp5b25tYWtpbmEuY29tLnRyXC9lblwvd3AtY29udGVudFwvdXBsb2Fkc1wvMjAyM1wvMDdcL0ZJTFRSRUxJLUtBQi41LndlYnAiLCJzbGlkZXNob3ciOiJhNTc2NWRkIn0%3D\" href='https:\/\/vizyonmakina.com.tr\/en\/wp-content\/uploads\/2023\/07\/FILTRELI-KAB.5.webp'><img loading=\"lazy\" width=\"800\" height=\"600\" src=\"https:\/\/vizyonmakina.com.tr\/en\/wp-content\/uploads\/2023\/07\/FILTRELI-KAB.5.webp\" class=\"attachment-full size-full\" alt=\"\" decoding=\"async\" aria-describedby=\"gallery-1-10117\" srcset=\"https:\/\/vizyonmakina.com.tr\/en\/wp-content\/uploads\/2023\/07\/FILTRELI-KAB.5.webp 800w, https:\/\/vizyonmakina.com.tr\/en\/wp-content\/uploads\/2023\/07\/FILTRELI-KAB.5-300x225.webp 300w, https:\/\/vizyonmakina.com.tr\/en\/wp-content\/uploads\/2023\/07\/FILTRELI-KAB.5-768x576.webp 768w\" sizes=\"(max-width: 800px) 100vw, 800px\" \/><\/a>\n\t\t\t<\/dt>\n\t\t\t\t<dd class='wp-caption-text gallery-caption' id='gallery-1-10117'>\n\t\t\t\tCabins\n\t\t\t\t<\/dd><\/dl><dl class='gallery-item'>\n\t\t\t<dt class='gallery-icon landscape'>\n\t\t\t\t<a data-elementor-open-lightbox=\"yes\" data-elementor-lightbox-slideshow=\"a5765dd\" data-elementor-lightbox-title=\"F\u0130LTREL\u0130 KAB.2\" data-e-action-hash=\"#elementor-action%3Aaction%3Dlightbox%26settings%3DeyJpZCI6MTAxMTQsInVybCI6Imh0dHBzOlwvXC92aXp5b25tYWtpbmEuY29tLnRyXC9lblwvd3AtY29udGVudFwvdXBsb2Fkc1wvMjAyM1wvMDdcL0ZJTFRSRUxJLUtBQi4yLndlYnAiLCJzbGlkZXNob3ciOiJhNTc2NWRkIn0%3D\" href='https:\/\/vizyonmakina.com.tr\/en\/wp-content\/uploads\/2023\/07\/FILTRELI-KAB.2.webp'><img loading=\"lazy\" width=\"800\" height=\"600\" src=\"https:\/\/vizyonmakina.com.tr\/en\/wp-content\/uploads\/2023\/07\/FILTRELI-KAB.2.webp\" class=\"attachment-full size-full\" alt=\"\" decoding=\"async\" aria-describedby=\"gallery-1-10114\" srcset=\"https:\/\/vizyonmakina.com.tr\/en\/wp-content\/uploads\/2023\/07\/FILTRELI-KAB.2.webp 800w, https:\/\/vizyonmakina.com.tr\/en\/wp-content\/uploads\/2023\/07\/FILTRELI-KAB.2-300x225.webp 300w, https:\/\/vizyonmakina.com.tr\/en\/wp-content\/uploads\/2023\/07\/FILTRELI-KAB.2-768x576.webp 768w\" sizes=\"(max-width: 800px) 100vw, 800px\" \/><\/a>\n\t\t\t<\/dt>\n\t\t\t\t<dd class='wp-caption-text gallery-caption' id='gallery-1-10114'>\n\t\t\t\tCabins\n\t\t\t\t<\/dd><\/dl><dl class='gallery-item'>\n\t\t\t<dt class='gallery-icon landscape'>\n\t\t\t\t<a data-elementor-open-lightbox=\"yes\" data-elementor-lightbox-slideshow=\"a5765dd\" data-elementor-lightbox-title=\"F\u0130LTREL\u0130 KAB\u0130N 1\" data-e-action-hash=\"#elementor-action%3Aaction%3Dlightbox%26settings%3DeyJpZCI6MTAxMTgsInVybCI6Imh0dHBzOlwvXC92aXp5b25tYWtpbmEuY29tLnRyXC9lblwvd3AtY29udGVudFwvdXBsb2Fkc1wvMjAyM1wvMDdcL0ZJTFRSRUxJLUtBQklOLTEud2VicCIsInNsaWRlc2hvdyI6ImE1NzY1ZGQifQ%3D%3D\" href='https:\/\/vizyonmakina.com.tr\/en\/wp-content\/uploads\/2023\/07\/FILTRELI-KABIN-1.webp'><img loading=\"lazy\" width=\"800\" height=\"600\" src=\"https:\/\/vizyonmakina.com.tr\/en\/wp-content\/uploads\/2023\/07\/FILTRELI-KABIN-1.webp\" class=\"attachment-full size-full\" alt=\"\" decoding=\"async\" aria-describedby=\"gallery-1-10118\" srcset=\"https:\/\/vizyonmakina.com.tr\/en\/wp-content\/uploads\/2023\/07\/FILTRELI-KABIN-1.webp 800w, https:\/\/vizyonmakina.com.tr\/en\/wp-content\/uploads\/2023\/07\/FILTRELI-KABIN-1-300x225.webp 300w, https:\/\/vizyonmakina.com.tr\/en\/wp-content\/uploads\/2023\/07\/FILTRELI-KABIN-1-768x576.webp 768w\" sizes=\"(max-width: 800px) 100vw, 800px\" \/><\/a>\n\t\t\t<\/dt>\n\t\t\t\t<dd class='wp-caption-text gallery-caption' id='gallery-1-10118'>\n\t\t\t\tCabins\n\t\t\t\t<\/dd><\/dl><dl class='gallery-item'>\n\t\t\t<dt class='gallery-icon landscape'>\n\t\t\t\t<a data-elementor-open-lightbox=\"yes\" data-elementor-lightbox-slideshow=\"a5765dd\" data-elementor-lightbox-title=\"F\u0130LTRE\u015e\u0130 KAB.7\" data-e-action-hash=\"#elementor-action%3Aaction%3Dlightbox%26settings%3DeyJpZCI6MTAxMjAsInVybCI6Imh0dHBzOlwvXC92aXp5b25tYWtpbmEuY29tLnRyXC9lblwvd3AtY29udGVudFwvdXBsb2Fkc1wvMjAyM1wvMDdcL0ZJTFRSRVNJLUtBQi43LndlYnAiLCJzbGlkZXNob3ciOiJhNTc2NWRkIn0%3D\" href='https:\/\/vizyonmakina.com.tr\/en\/wp-content\/uploads\/2023\/07\/FILTRESI-KAB.7.webp'><img loading=\"lazy\" width=\"800\" height=\"600\" src=\"https:\/\/vizyonmakina.com.tr\/en\/wp-content\/uploads\/2023\/07\/FILTRESI-KAB.7.webp\" class=\"attachment-full size-full\" alt=\"\" decoding=\"async\" aria-describedby=\"gallery-1-10120\" srcset=\"https:\/\/vizyonmakina.com.tr\/en\/wp-content\/uploads\/2023\/07\/FILTRESI-KAB.7.webp 800w, https:\/\/vizyonmakina.com.tr\/en\/wp-content\/uploads\/2023\/07\/FILTRESI-KAB.7-300x225.webp 300w, https:\/\/vizyonmakina.com.tr\/en\/wp-content\/uploads\/2023\/07\/FILTRESI-KAB.7-768x576.webp 768w\" sizes=\"(max-width: 800px) 100vw, 800px\" \/><\/a>\n\t\t\t<\/dt>\n\t\t\t\t<dd class='wp-caption-text gallery-caption' id='gallery-1-10120'>\n\t\t\t\tCabins\n\t\t\t\t<\/dd><\/dl><br style=\"clear: both\" \/><dl class='gallery-item'>\n\t\t\t<dt class='gallery-icon landscape'>\n\t\t\t\t<a data-elementor-open-lightbox=\"yes\" data-elementor-lightbox-slideshow=\"a5765dd\" data-elementor-lightbox-title=\"F\u0130LTREL\u0130 KAB.3\" data-e-action-hash=\"#elementor-action%3Aaction%3Dlightbox%26settings%3DeyJpZCI6MTAxMTUsInVybCI6Imh0dHBzOlwvXC92aXp5b25tYWtpbmEuY29tLnRyXC9lblwvd3AtY29udGVudFwvdXBsb2Fkc1wvMjAyM1wvMDdcL0ZJTFRSRUxJLUtBQi4zLndlYnAiLCJzbGlkZXNob3ciOiJhNTc2NWRkIn0%3D\" href='https:\/\/vizyonmakina.com.tr\/en\/wp-content\/uploads\/2023\/07\/FILTRELI-KAB.3.webp'><img loading=\"lazy\" width=\"800\" height=\"600\" src=\"https:\/\/vizyonmakina.com.tr\/en\/wp-content\/uploads\/2023\/07\/FILTRELI-KAB.3.webp\" class=\"attachment-full size-full\" alt=\"\" decoding=\"async\" aria-describedby=\"gallery-1-10115\" srcset=\"https:\/\/vizyonmakina.com.tr\/en\/wp-content\/uploads\/2023\/07\/FILTRELI-KAB.3.webp 800w, https:\/\/vizyonmakina.com.tr\/en\/wp-content\/uploads\/2023\/07\/FILTRELI-KAB.3-300x225.webp 300w, https:\/\/vizyonmakina.com.tr\/en\/wp-content\/uploads\/2023\/07\/FILTRELI-KAB.3-768x576.webp 768w\" sizes=\"(max-width: 800px) 100vw, 800px\" \/><\/a>\n\t\t\t<\/dt>\n\t\t\t\t<dd class='wp-caption-text gallery-caption' id='gallery-1-10115'>\n\t\t\t\tCabins\n\t\t\t\t<\/dd><\/dl><dl class='gallery-item'>\n\t\t\t<dt class='gallery-icon landscape'>\n\t\t\t\t<a data-elementor-open-lightbox=\"yes\" data-elementor-lightbox-slideshow=\"a5765dd\" data-elementor-lightbox-title=\"Plastik-Metal-Mono-Siklon-Kabin-3\" data-e-action-hash=\"#elementor-action%3Aaction%3Dlightbox%26settings%3DeyJpZCI6MTAxMjIsInVybCI6Imh0dHBzOlwvXC92aXp5b25tYWtpbmEuY29tLnRyXC9lblwvd3AtY29udGVudFwvdXBsb2Fkc1wvMjAyM1wvMDdcL1BsYXN0aWstTWV0YWwtTW9uby1TaWtsb24tS2FiaW4tMy53ZWJwIiwic2xpZGVzaG93IjoiYTU3NjVkZCJ9\" href='https:\/\/vizyonmakina.com.tr\/en\/wp-content\/uploads\/2023\/07\/Plastik-Metal-Mono-Siklon-Kabin-3.webp'><img loading=\"lazy\" width=\"800\" height=\"600\" src=\"https:\/\/vizyonmakina.com.tr\/en\/wp-content\/uploads\/2023\/07\/Plastik-Metal-Mono-Siklon-Kabin-3.webp\" class=\"attachment-full size-full\" alt=\"\" decoding=\"async\" aria-describedby=\"gallery-1-10122\" srcset=\"https:\/\/vizyonmakina.com.tr\/en\/wp-content\/uploads\/2023\/07\/Plastik-Metal-Mono-Siklon-Kabin-3.webp 800w, https:\/\/vizyonmakina.com.tr\/en\/wp-content\/uploads\/2023\/07\/Plastik-Metal-Mono-Siklon-Kabin-3-300x225.webp 300w, https:\/\/vizyonmakina.com.tr\/en\/wp-content\/uploads\/2023\/07\/Plastik-Metal-Mono-Siklon-Kabin-3-768x576.webp 768w\" sizes=\"(max-width: 800px) 100vw, 800px\" \/><\/a>\n\t\t\t<\/dt>\n\t\t\t\t<dd class='wp-caption-text gallery-caption' id='gallery-1-10122'>\n\t\t\t\tCabins\n\t\t\t\t<\/dd><\/dl><dl class='gallery-item'>\n\t\t\t<dt class='gallery-icon landscape'>\n\t\t\t\t<a data-elementor-open-lightbox=\"yes\" data-elementor-lightbox-slideshow=\"a5765dd\" data-elementor-lightbox-title=\"g\u00f6zl\u00fck boyama kabini\" data-e-action-hash=\"#elementor-action%3Aaction%3Dlightbox%26settings%3DeyJpZCI6MTAxMjEsInVybCI6Imh0dHBzOlwvXC92aXp5b25tYWtpbmEuY29tLnRyXC9lblwvd3AtY29udGVudFwvdXBsb2Fkc1wvMjAyM1wvMDdcL2dvemx1ay1ib3lhbWEta2FiaW5pLndlYnAiLCJzbGlkZXNob3ciOiJhNTc2NWRkIn0%3D\" href='https:\/\/vizyonmakina.com.tr\/en\/wp-content\/uploads\/2023\/07\/gozluk-boyama-kabini.webp'><img loading=\"lazy\" width=\"800\" height=\"600\" src=\"https:\/\/vizyonmakina.com.tr\/en\/wp-content\/uploads\/2023\/07\/gozluk-boyama-kabini.webp\" class=\"attachment-full size-full\" alt=\"\" decoding=\"async\" aria-describedby=\"gallery-1-10121\" srcset=\"https:\/\/vizyonmakina.com.tr\/en\/wp-content\/uploads\/2023\/07\/gozluk-boyama-kabini.webp 800w, https:\/\/vizyonmakina.com.tr\/en\/wp-content\/uploads\/2023\/07\/gozluk-boyama-kabini-300x225.webp 300w, https:\/\/vizyonmakina.com.tr\/en\/wp-content\/uploads\/2023\/07\/gozluk-boyama-kabini-768x576.webp 768w\" sizes=\"(max-width: 800px) 100vw, 800px\" \/><\/a>\n\t\t\t<\/dt>\n\t\t\t\t<dd class='wp-caption-text gallery-caption' id='gallery-1-10121'>\n\t\t\t\tCabins\n\t\t\t\t<\/dd><\/dl><dl class='gallery-item'>\n\t\t\t<dt class='gallery-icon landscape'>\n\t\t\t\t<a data-elementor-open-lightbox=\"yes\" data-elementor-lightbox-slideshow=\"a5765dd\" data-elementor-lightbox-title=\"kabinler-toz-boya-kabinleri-filtreli (8)\" data-e-action-hash=\"#elementor-action%3Aaction%3Dlightbox%26settings%3DeyJpZCI6OTE4NSwidXJsIjoiaHR0cHM6XC9cL3Zpenlvbm1ha2luYS5jb20udHJcL2VuXC93cC1jb250ZW50XC91cGxvYWRzXC8yMDIzXC8wMlwva2FiaW5sZXItdG96LWJveWEta2FiaW5sZXJpLWZpbHRyZWxpLTgud2VicCIsInNsaWRlc2hvdyI6ImE1NzY1ZGQifQ%3D%3D\" href='https:\/\/vizyonmakina.com.tr\/en\/wp-content\/uploads\/2023\/02\/kabinler-toz-boya-kabinleri-filtreli-8.webp'><img loading=\"lazy\" width=\"800\" height=\"600\" src=\"https:\/\/vizyonmakina.com.tr\/en\/wp-content\/uploads\/2023\/02\/kabinler-toz-boya-kabinleri-filtreli-8.webp\" class=\"attachment-full size-full\" alt=\"\" decoding=\"async\" aria-describedby=\"gallery-1-9185\" srcset=\"https:\/\/vizyonmakina.com.tr\/en\/wp-content\/uploads\/2023\/02\/kabinler-toz-boya-kabinleri-filtreli-8.webp 800w, https:\/\/vizyonmakina.com.tr\/en\/wp-content\/uploads\/2023\/02\/kabinler-toz-boya-kabinleri-filtreli-8-300x225.webp 300w, https:\/\/vizyonmakina.com.tr\/en\/wp-content\/uploads\/2023\/02\/kabinler-toz-boya-kabinleri-filtreli-8-768x576.webp 768w\" sizes=\"(max-width: 800px) 100vw, 800px\" \/><\/a>\n\t\t\t<\/dt>\n\t\t\t\t<dd class='wp-caption-text gallery-caption' id='gallery-1-9185'>\n\t\t\t\tCabins\n\t\t\t\t<\/dd><\/dl><br style=\"clear: both\" \/>\n\t\t<\/div>\n\t\t<\/div>\n\t\t\t\t<\/div>\n\t\t\t\t<\/div>\n\t\t\t\t\t<\/div>\n\t\t<\/div>\n\t\t\t\t\t\t\t<\/div>\n\t\t<\/section>\n\t\t\t\t<section class=\"elementor-section elementor-top-section elementor-element elementor-element-6708717 elementor-section-boxed elementor-section-height-default elementor-section-height-default\" data-id=\"6708717\" data-element_type=\"section\">\n\t\t\t\t\t\t<div class=\"elementor-container elementor-column-gap-default\">\n\t\t\t\t\t<div class=\"elementor-column elementor-col-100 elementor-top-column elementor-element elementor-element-f8bf678\" data-id=\"f8bf678\" data-element_type=\"column\">\n\t\t\t<div class=\"elementor-widget-wrap elementor-element-populated\">\n\t\t\t\t\t\t\t\t<div class=\"elementor-element elementor-element-8117843 elementor-widget elementor-widget-heading\" data-id=\"8117843\" data-element_type=\"widget\" data-widget_type=\"heading.default\">\n\t\t\t\t<div class=\"elementor-widget-container\">\n\t\t\t<h2 class=\"elementor-heading-title elementor-size-default\">Standard Filtered Powder Coating Booths<\/h2>\t\t<\/div>\n\t\t\t\t<\/div>\n\t\t\t\t<div class=\"elementor-element elementor-element-f0c65f1 elementor-widget elementor-widget-text-editor\" data-id=\"f0c65f1\" data-element_type=\"widget\" data-widget_type=\"text-editor.default\">\n\t\t\t\t<div class=\"elementor-widget-container\">\n\t\t\t\t\t\t\t<p>Filtreli kabinler, Elektrostatik toz boyama kabinlerinin en pratik ve kullan\u0131\u015fl\u0131 modelidir. Bu sistemde toz boya tanecikleri siklonlu kabinlerde oldu\u011fu gibi par\u00e7alanmad\u0131\u011f\u0131 i\u00e7in, geri kazan\u0131m daha verimlidir. Filtreli kabinler01de, emme fan\u0131n\u0131n yaratt\u0131\u011f\u0131 hava ak\u0131m\u0131 ile hareket eden ve malzemeye yap\u0131\u015famayan toz boya zerrelerinin filtre edilerek d\u0131\u015f ortama \u00e7\u0131k\u0131\u015f\u0131 \u00f6nlenir. Kabinde \u00e7al\u0131\u015fma esnas\u0131nda filtrelerin temizli\u011fi, ters patlatma sistemi ile manuel ya da otomatik olarak yap\u0131l\u0131r.<\/p><p>\u00a0<\/p><p>With the effect of compressed air applied in reverse, the powder paint particles accumulated in the paint filters are poured onto the cabin floor and collected in the warehouse by being sieved in the sieve storage system from there, and are reabsorbed from here with the help of an injector and transferred to the system.<\/p>\t\t\t\t\t\t<\/div>\n\t\t\t\t<\/div>\n\t\t\t\t\t<\/div>\n\t\t<\/div>\n\t\t\t\t\t\t\t<\/div>\n\t\t<\/section>\n\t\t\t\t\t\t\t<\/div>\n\t\t","protected":false},"excerpt":{"rendered":"<p>Powder Coating Booths With Filter Powder coating booths are indispensable elements of electrostatic painting and coating systems. It is essential to have a cabinet in the system in order to ensure the recovery of costly powder coatings and to prevent environmental pollution. The powder coating cabinet types produced by our company offer different solutions for [&hellip;]<\/p>\n","protected":false},"author":1,"featured_media":0,"parent":0,"menu_order":0,"comment_status":"closed","ping_status":"closed","template":"elementor_header_footer","meta":[],"_links":{"self":[{"href":"https:\/\/vizyonmakina.com.tr\/en\/wp-json\/wp\/v2\/pages\/9173"}],"collection":[{"href":"https:\/\/vizyonmakina.com.tr\/en\/wp-json\/wp\/v2\/pages"}],"about":[{"href":"https:\/\/vizyonmakina.com.tr\/en\/wp-json\/wp\/v2\/types\/page"}],"author":[{"embeddable":true,"href":"https:\/\/vizyonmakina.com.tr\/en\/wp-json\/wp\/v2\/users\/1"}],"replies":[{"embeddable":true,"href":"https:\/\/vizyonmakina.com.tr\/en\/wp-json\/wp\/v2\/comments?post=9173"}],"version-history":[{"count":17,"href":"https:\/\/vizyonmakina.com.tr\/en\/wp-json\/wp\/v2\/pages\/9173\/revisions"}],"predecessor-version":[{"id":10126,"href":"https:\/\/vizyonmakina.com.tr\/en\/wp-json\/wp\/v2\/pages\/9173\/revisions\/10126"}],"wp:attachment":[{"href":"https:\/\/vizyonmakina.com.tr\/en\/wp-json\/wp\/v2\/media?parent=9173"}],"curies":[{"name":"wp","href":"https:\/\/api.w.org\/{rel}","templated":true}]}}