{"id":8957,"date":"2023-02-16T09:01:41","date_gmt":"2023-02-16T06:01:41","guid":{"rendered":"https:\/\/vizyonmakina.com.tr\/?page_id=8957"},"modified":"2023-07-30T16:00:22","modified_gmt":"2023-07-30T13:00:22","slug":"automatic-tribo-powder-coating-equipment","status":"publish","type":"page","link":"https:\/\/vizyonmakina.com.tr\/en\/automatic-tribo-powder-coating-equipment\/","title":{"rendered":"Automatic Tribo Powder Coating Equipment"},"content":{"rendered":"\t\t<div data-elementor-type=\"wp-page\" data-elementor-id=\"8957\" class=\"elementor elementor-8957\">\n\t\t\t\t\t\t\t\t\t<section class=\"elementor-section elementor-top-section elementor-element elementor-element-3817668 elementor-section-boxed elementor-section-height-default elementor-section-height-default\" data-id=\"3817668\" data-element_type=\"section\">\n\t\t\t\t\t\t<div class=\"elementor-container elementor-column-gap-default\">\n\t\t\t\t\t<div class=\"elementor-column elementor-col-100 elementor-top-column elementor-element elementor-element-c32fa8e\" data-id=\"c32fa8e\" data-element_type=\"column\">\n\t\t\t<div class=\"elementor-widget-wrap elementor-element-populated\">\n\t\t\t\t\t\t\t\t<div class=\"elementor-element elementor-element-8c996ee elementor-widget elementor-widget-heading\" data-id=\"8c996ee\" data-element_type=\"widget\" data-widget_type=\"heading.default\">\n\t\t\t\t<div class=\"elementor-widget-container\">\n\t\t\t<h1 class=\"elementor-heading-title elementor-size-default\">Automatic and Manual Tribo Powder Coating Equipment<\/h1>\t\t<\/div>\n\t\t\t\t<\/div>\n\t\t\t\t<div class=\"elementor-element elementor-element-f3509d7 elementor-widget elementor-widget-text-editor\" data-id=\"f3509d7\" data-element_type=\"widget\" data-widget_type=\"text-editor.default\">\n\t\t\t\t<div class=\"elementor-widget-container\">\n\t\t\t\t\t\t\t<p>\u00b7 Electricity Requirement: 220-240 V \/ 50 Hz<br \/>\u00b7 Electricity Consumption: 60 w<br \/>\u00b7 Gun Input Voltage: 13 V<br \/>\u00b7 Electrical Protection Class: IP 54 Tribo System Powder Coating Gun<br \/>\u00b7 Gun Weight: Net 750 gr.<br \/>\u00b7 Gun length: 550 mm.<br \/>\u00b7 Working Voltage: 13 V.<br \/>\u00b7 Gun Loading Voltage: 40 Kv.<\/p>\t\t\t\t\t\t<\/div>\n\t\t\t\t<\/div>\n\t\t\t\t\t<\/div>\n\t\t<\/div>\n\t\t\t\t\t\t\t<\/div>\n\t\t<\/section>\n\t\t\t\t<section class=\"elementor-section elementor-top-section elementor-element elementor-element-40e6ff4 elementor-section-boxed elementor-section-height-default elementor-section-height-default\" data-id=\"40e6ff4\" data-element_type=\"section\">\n\t\t\t\t\t\t<div class=\"elementor-container elementor-column-gap-default\">\n\t\t\t\t\t<div class=\"elementor-column elementor-col-100 elementor-top-column elementor-element elementor-element-05af302\" data-id=\"05af302\" data-element_type=\"column\">\n\t\t\t<div class=\"elementor-widget-wrap elementor-element-populated\">\n\t\t\t\t\t\t\t\t<div class=\"elementor-element elementor-element-3e3ac2f gallery-spacing-custom elementor-widget elementor-widget-image-gallery\" data-id=\"3e3ac2f\" data-element_type=\"widget\" data-widget_type=\"image-gallery.default\">\n\t\t\t\t<div class=\"elementor-widget-container\">\n\t\t\t\t\t<div class=\"elementor-image-gallery\">\n\t\t\t\n\t\t<style type=\"text\/css\">\n\t\t\t#gallery-1 {\n\t\t\t\tmargin: auto;\n\t\t\t}\n\t\t\t#gallery-1 .gallery-item {\n\t\t\t\tfloat: left;\n\t\t\t\tmargin-top: 10px;\n\t\t\t\ttext-align: center;\n\t\t\t\twidth: 33%;\n\t\t\t}\n\t\t\t#gallery-1 img {\n\t\t\t\tborder: 2px solid #cfcfcf;\n\t\t\t}\n\t\t\t#gallery-1 .gallery-caption {\n\t\t\t\tmargin-left: 0;\n\t\t\t}\n\t\t\t\/* see gallery_shortcode() in wp-includes\/media.php *\/\n\t\t<\/style>\n\t\t<div id='gallery-1' class='gallery galleryid-8957 gallery-columns-3 gallery-size-full'><dl class='gallery-item'>\n\t\t\t<dt class='gallery-icon landscape'>\n\t\t\t\t<a data-elementor-open-lightbox=\"yes\" data-elementor-lightbox-slideshow=\"3e3ac2f\" data-elementor-lightbox-title=\"Manuel tribo cihaz\" data-e-action-hash=\"#elementor-action%3Aaction%3Dlightbox%26settings%3DeyJpZCI6MTAwNzksInVybCI6Imh0dHBzOlwvXC92aXp5b25tYWtpbmEuY29tLnRyXC9lblwvd3AtY29udGVudFwvdXBsb2Fkc1wvMjAyM1wvMDdcL01hbnVlbC10cmliby1jaWhhei0xLndlYnAiLCJzbGlkZXNob3ciOiIzZTNhYzJmIn0%3D\" href='https:\/\/vizyonmakina.com.tr\/en\/wp-content\/uploads\/2023\/07\/Manuel-tribo-cihaz-1.webp'><img fetchpriority=\"high\" width=\"800\" height=\"600\" src=\"https:\/\/vizyonmakina.com.tr\/en\/wp-content\/uploads\/2023\/07\/Manuel-tribo-cihaz-1.webp\" class=\"attachment-full size-full\" alt=\"\" decoding=\"async\" aria-describedby=\"gallery-1-10079\" srcset=\"https:\/\/vizyonmakina.com.tr\/en\/wp-content\/uploads\/2023\/07\/Manuel-tribo-cihaz-1.webp 800w, https:\/\/vizyonmakina.com.tr\/en\/wp-content\/uploads\/2023\/07\/Manuel-tribo-cihaz-1-300x225.webp 300w, https:\/\/vizyonmakina.com.tr\/en\/wp-content\/uploads\/2023\/07\/Manuel-tribo-cihaz-1-768x576.webp 768w\" sizes=\"(max-width: 800px) 100vw, 800px\" \/><\/a>\n\t\t\t<\/dt>\n\t\t\t\t<dd class='wp-caption-text gallery-caption' id='gallery-1-10079'>\n\t\t\t\tManuel Tribo Device\n\t\t\t\t<\/dd><\/dl><dl class='gallery-item'>\n\t\t\t<dt class='gallery-icon landscape'>\n\t\t\t\t<a data-elementor-open-lightbox=\"yes\" data-elementor-lightbox-slideshow=\"3e3ac2f\" data-elementor-lightbox-title=\"Tribo okp dolab\u0131 1\" data-e-action-hash=\"#elementor-action%3Aaction%3Dlightbox%26settings%3DeyJpZCI6MTAwODIsInVybCI6Imh0dHBzOlwvXC92aXp5b25tYWtpbmEuY29tLnRyXC9lblwvd3AtY29udGVudFwvdXBsb2Fkc1wvMjAyM1wvMDdcL1RyaWJvLW9rcC1kb2xhYmktMS53ZWJwIiwic2xpZGVzaG93IjoiM2UzYWMyZiJ9\" href='https:\/\/vizyonmakina.com.tr\/en\/wp-content\/uploads\/2023\/07\/Tribo-okp-dolabi-1.webp'><img width=\"800\" height=\"600\" src=\"https:\/\/vizyonmakina.com.tr\/en\/wp-content\/uploads\/2023\/07\/Tribo-okp-dolabi-1.webp\" class=\"attachment-full size-full\" alt=\"\" decoding=\"async\" aria-describedby=\"gallery-1-10082\" srcset=\"https:\/\/vizyonmakina.com.tr\/en\/wp-content\/uploads\/2023\/07\/Tribo-okp-dolabi-1.webp 800w, https:\/\/vizyonmakina.com.tr\/en\/wp-content\/uploads\/2023\/07\/Tribo-okp-dolabi-1-300x225.webp 300w, https:\/\/vizyonmakina.com.tr\/en\/wp-content\/uploads\/2023\/07\/Tribo-okp-dolabi-1-768x576.webp 768w\" sizes=\"(max-width: 800px) 100vw, 800px\" \/><\/a>\n\t\t\t<\/dt>\n\t\t\t\t<dd class='wp-caption-text gallery-caption' id='gallery-1-10082'>\n\t\t\t\tManuel Tribo Device\n\t\t\t\t<\/dd><\/dl><dl class='gallery-item'>\n\t\t\t<dt class='gallery-icon landscape'>\n\t\t\t\t<a data-elementor-open-lightbox=\"yes\" data-elementor-lightbox-slideshow=\"3e3ac2f\" data-elementor-lightbox-title=\"Tribo okp dolab\u0131 2\" data-e-action-hash=\"#elementor-action%3Aaction%3Dlightbox%26settings%3DeyJpZCI6MTAwODMsInVybCI6Imh0dHBzOlwvXC92aXp5b25tYWtpbmEuY29tLnRyXC9lblwvd3AtY29udGVudFwvdXBsb2Fkc1wvMjAyM1wvMDdcL1RyaWJvLW9rcC1kb2xhYmktMi53ZWJwIiwic2xpZGVzaG93IjoiM2UzYWMyZiJ9\" href='https:\/\/vizyonmakina.com.tr\/en\/wp-content\/uploads\/2023\/07\/Tribo-okp-dolabi-2.webp'><img width=\"800\" height=\"600\" src=\"https:\/\/vizyonmakina.com.tr\/en\/wp-content\/uploads\/2023\/07\/Tribo-okp-dolabi-2.webp\" class=\"attachment-full size-full\" alt=\"\" decoding=\"async\" aria-describedby=\"gallery-1-10083\" srcset=\"https:\/\/vizyonmakina.com.tr\/en\/wp-content\/uploads\/2023\/07\/Tribo-okp-dolabi-2.webp 800w, https:\/\/vizyonmakina.com.tr\/en\/wp-content\/uploads\/2023\/07\/Tribo-okp-dolabi-2-300x225.webp 300w, https:\/\/vizyonmakina.com.tr\/en\/wp-content\/uploads\/2023\/07\/Tribo-okp-dolabi-2-768x576.webp 768w\" sizes=\"(max-width: 800px) 100vw, 800px\" \/><\/a>\n\t\t\t<\/dt>\n\t\t\t\t<dd class='wp-caption-text gallery-caption' id='gallery-1-10083'>\n\t\t\t\tTribo Powder Coating\n\t\t\t\t<\/dd><\/dl><br style=\"clear: both\" \/><dl class='gallery-item'>\n\t\t\t<dt class='gallery-icon landscape'>\n\t\t\t\t<a data-elementor-open-lightbox=\"yes\" data-elementor-lightbox-slideshow=\"3e3ac2f\" data-elementor-lightbox-title=\"Manuel Tribo Tabanca 2\" data-e-action-hash=\"#elementor-action%3Aaction%3Dlightbox%26settings%3DeyJpZCI6MTAwODAsInVybCI6Imh0dHBzOlwvXC92aXp5b25tYWtpbmEuY29tLnRyXC9lblwvd3AtY29udGVudFwvdXBsb2Fkc1wvMjAyM1wvMDdcL01hbnVlbC1Ucmliby1UYWJhbmNhLTItMS53ZWJwIiwic2xpZGVzaG93IjoiM2UzYWMyZiJ9\" href='https:\/\/vizyonmakina.com.tr\/en\/wp-content\/uploads\/2023\/07\/Manuel-Tribo-Tabanca-2-1.webp'><img loading=\"lazy\" width=\"800\" height=\"600\" src=\"https:\/\/vizyonmakina.com.tr\/en\/wp-content\/uploads\/2023\/07\/Manuel-Tribo-Tabanca-2-1.webp\" class=\"attachment-full size-full\" alt=\"\" decoding=\"async\" aria-describedby=\"gallery-1-10080\" srcset=\"https:\/\/vizyonmakina.com.tr\/en\/wp-content\/uploads\/2023\/07\/Manuel-Tribo-Tabanca-2-1.webp 800w, https:\/\/vizyonmakina.com.tr\/en\/wp-content\/uploads\/2023\/07\/Manuel-Tribo-Tabanca-2-1-300x225.webp 300w, https:\/\/vizyonmakina.com.tr\/en\/wp-content\/uploads\/2023\/07\/Manuel-Tribo-Tabanca-2-1-768x576.webp 768w\" sizes=\"(max-width: 800px) 100vw, 800px\" \/><\/a>\n\t\t\t<\/dt>\n\t\t\t\t<dd class='wp-caption-text gallery-caption' id='gallery-1-10080'>\n\t\t\t\tTribo Powder Coating\n\t\t\t\t<\/dd><\/dl><dl class='gallery-item'>\n\t\t\t<dt class='gallery-icon landscape'>\n\t\t\t\t<a data-elementor-open-lightbox=\"yes\" data-elementor-lightbox-slideshow=\"3e3ac2f\" data-elementor-lightbox-title=\"Otomatik Tribo seti\" data-e-action-hash=\"#elementor-action%3Aaction%3Dlightbox%26settings%3DeyJpZCI6MTAwODEsInVybCI6Imh0dHBzOlwvXC92aXp5b25tYWtpbmEuY29tLnRyXC9lblwvd3AtY29udGVudFwvdXBsb2Fkc1wvMjAyM1wvMDdcL090b21hdGlrLVRyaWJvLXNldGkud2VicCIsInNsaWRlc2hvdyI6IjNlM2FjMmYifQ%3D%3D\" href='https:\/\/vizyonmakina.com.tr\/en\/wp-content\/uploads\/2023\/07\/Otomatik-Tribo-seti.webp'><img loading=\"lazy\" width=\"800\" height=\"600\" src=\"https:\/\/vizyonmakina.com.tr\/en\/wp-content\/uploads\/2023\/07\/Otomatik-Tribo-seti.webp\" class=\"attachment-full size-full\" alt=\"\" decoding=\"async\" aria-describedby=\"gallery-1-10081\" srcset=\"https:\/\/vizyonmakina.com.tr\/en\/wp-content\/uploads\/2023\/07\/Otomatik-Tribo-seti.webp 800w, https:\/\/vizyonmakina.com.tr\/en\/wp-content\/uploads\/2023\/07\/Otomatik-Tribo-seti-300x225.webp 300w, https:\/\/vizyonmakina.com.tr\/en\/wp-content\/uploads\/2023\/07\/Otomatik-Tribo-seti-768x576.webp 768w\" sizes=\"(max-width: 800px) 100vw, 800px\" \/><\/a>\n\t\t\t<\/dt>\n\t\t\t\t<dd class='wp-caption-text gallery-caption' id='gallery-1-10081'>\n\t\t\t\tTribo Powder Coating\n\t\t\t\t<\/dd><\/dl>\n\t\t\t<br style='clear: both' \/>\n\t\t<\/div>\n\t\t<\/div>\n\t\t\t\t<\/div>\n\t\t\t\t<\/div>\n\t\t\t\t\t<\/div>\n\t\t<\/div>\n\t\t\t\t\t\t\t<\/div>\n\t\t<\/section>\n\t\t\t\t<section class=\"elementor-section elementor-top-section elementor-element elementor-element-31f8dfb elementor-section-boxed elementor-section-height-default elementor-section-height-default\" data-id=\"31f8dfb\" data-element_type=\"section\">\n\t\t\t\t\t\t<div class=\"elementor-container elementor-column-gap-default\">\n\t\t\t\t\t<div class=\"elementor-column elementor-col-100 elementor-top-column elementor-element elementor-element-7fab951\" data-id=\"7fab951\" data-element_type=\"column\">\n\t\t\t<div class=\"elementor-widget-wrap elementor-element-populated\">\n\t\t\t\t\t\t\t\t<div class=\"elementor-element elementor-element-2dc2bb8 elementor-widget elementor-widget-text-editor\" data-id=\"2dc2bb8\" data-element_type=\"widget\" data-widget_type=\"text-editor.default\">\n\t\t\t\t<div class=\"elementor-widget-container\">\n\t\t\t\t\t\t\t<p><br \/>\u00b7 Tabanca Max. Ak\u0131m\u0131 : 85 uA<br \/>\u00b7 Tabanca Kablo Uzunlu\u011fu : 8.5 mt<br \/>\u00b7 Boya Hortum Uzunlu\u011fu : 8 mt<br \/>\u00b7 Tabanca Boya Debisi : 5-30 Kg \/ saat Hava T\u00fcketimi<br \/>\u00b7 Hava Giri\u015f Ba\u011flant\u0131 \u00c7ap\u0131 : 8 mm<br \/>\u00b7 Giri\u015f Hava Bas\u0131nc\u0131 : Min. 4 Bar \u2013 Max. 8 Bar<br \/>\u00b7 Hava T\u00fcketimi : 290 Lt \/ Dak. (18 Nm3-S)<br \/>\u00b7 Bas\u0131n\u00e7l\u0131 Hava \u00d6zelli\u011fi : Nem Oran\u0131: 1.3 g\/m3 (max)<br \/>\u00b7 Ya\u011f Oran\u0131 : 0,1 ppm (max) Elektrod Tipi<br \/>\u00b7 \u00c7oklu pamakl\u0131 (Standart)<br \/>\u00b7 Yuvarlak deft\u00f6rl\u00fc kafa (Opsiyonel) U\u00e7 Tipleri<br \/>\u00b7 25 cm Tarak Boyu<br \/>\u00b7 30 cm Tarak Boyu<br \/>\u00b7 35 cm Tarak Boyu<\/p>\t\t\t\t\t\t<\/div>\n\t\t\t\t<\/div>\n\t\t\t\t\t<\/div>\n\t\t<\/div>\n\t\t\t\t\t\t\t<\/div>\n\t\t<\/section>\n\t\t\t\t\t\t\t<\/div>\n\t\t","protected":false},"excerpt":{"rendered":"<p>Automatic and Manual Tribo Powder Coating Equipment \u00b7 Electricity Requirement: 220-240 V \/ 50 Hz\u00b7 Electricity Consumption: 60 w\u00b7 Gun Input Voltage: 13 V\u00b7 Electrical Protection Class: IP 54 Tribo System Powder Coating Gun\u00b7 Gun Weight: Net 750 gr.\u00b7 Gun length: 550 mm.\u00b7 Working Voltage: 13 V.\u00b7 Gun Loading Voltage: 40 Kv. Manuel Tribo Device [&hellip;]<\/p>\n","protected":false},"author":1,"featured_media":0,"parent":0,"menu_order":0,"comment_status":"closed","ping_status":"closed","template":"elementor_header_footer","meta":[],"_links":{"self":[{"href":"https:\/\/vizyonmakina.com.tr\/en\/wp-json\/wp\/v2\/pages\/8957"}],"collection":[{"href":"https:\/\/vizyonmakina.com.tr\/en\/wp-json\/wp\/v2\/pages"}],"about":[{"href":"https:\/\/vizyonmakina.com.tr\/en\/wp-json\/wp\/v2\/types\/page"}],"author":[{"embeddable":true,"href":"https:\/\/vizyonmakina.com.tr\/en\/wp-json\/wp\/v2\/users\/1"}],"replies":[{"embeddable":true,"href":"https:\/\/vizyonmakina.com.tr\/en\/wp-json\/wp\/v2\/comments?post=8957"}],"version-history":[{"count":23,"href":"https:\/\/vizyonmakina.com.tr\/en\/wp-json\/wp\/v2\/pages\/8957\/revisions"}],"predecessor-version":[{"id":10160,"href":"https:\/\/vizyonmakina.com.tr\/en\/wp-json\/wp\/v2\/pages\/8957\/revisions\/10160"}],"wp:attachment":[{"href":"https:\/\/vizyonmakina.com.tr\/en\/wp-json\/wp\/v2\/media?parent=8957"}],"curies":[{"name":"wp","href":"https:\/\/api.w.org\/{rel}","templated":true}]}}