{"id":8870,"date":"2023-02-15T17:59:27","date_gmt":"2023-02-15T14:59:27","guid":{"rendered":"https:\/\/vizyonmakina.com.tr\/?page_id=8870"},"modified":"2023-07-30T15:17:00","modified_gmt":"2023-07-30T12:17:00","slug":"special-production-design-products","status":"publish","type":"page","link":"https:\/\/vizyonmakina.com.tr\/en\/special-production-design-products\/","title":{"rendered":"Special Production \/ Design Products"},"content":{"rendered":"\t\t<div data-elementor-type=\"wp-page\" data-elementor-id=\"8870\" class=\"elementor elementor-8870\">\n\t\t\t\t\t\t\t\t\t<section class=\"elementor-section elementor-top-section elementor-element elementor-element-dfa9857 elementor-section-boxed elementor-section-height-default elementor-section-height-default\" data-id=\"dfa9857\" data-element_type=\"section\">\n\t\t\t\t\t\t<div class=\"elementor-container elementor-column-gap-default\">\n\t\t\t\t\t<div class=\"elementor-column elementor-col-100 elementor-top-column elementor-element elementor-element-9760654\" data-id=\"9760654\" data-element_type=\"column\">\n\t\t\t<div class=\"elementor-widget-wrap elementor-element-populated\">\n\t\t\t\t\t\t\t\t<div class=\"elementor-element elementor-element-3692def elementor-widget elementor-widget-heading\" data-id=\"3692def\" data-element_type=\"widget\" data-widget_type=\"heading.default\">\n\t\t\t\t<div class=\"elementor-widget-container\">\n\t\t\t<h1 class=\"elementor-heading-title elementor-size-default\">Special Production \/ Design Products<\/h1>\t\t<\/div>\n\t\t\t\t<\/div>\n\t\t\t\t<div class=\"elementor-element elementor-element-e10f2c8 elementor-widget elementor-widget-text-editor\" data-id=\"e10f2c8\" data-element_type=\"widget\" data-widget_type=\"text-editor.default\">\n\t\t\t\t<div class=\"elementor-widget-container\">\n\t\t\t\t\t\t\t<p>You can view our works such as Enamel Cabins, Filtered Cabins, Multi Cyclone Cabins, Conveyor Lines, Top Pallet Oven, Tunnel Type Cooking Oven, which we have designed and installed for the needs of our customers, as Vizyon Makina.<\/p>\t\t\t\t\t\t<\/div>\n\t\t\t\t<\/div>\n\t\t\t\t\t<\/div>\n\t\t<\/div>\n\t\t\t\t\t\t\t<\/div>\n\t\t<\/section>\n\t\t\t\t<section class=\"elementor-section elementor-top-section elementor-element elementor-element-8800529 elementor-section-boxed elementor-section-height-default elementor-section-height-default\" data-id=\"8800529\" data-element_type=\"section\">\n\t\t\t\t\t\t<div class=\"elementor-container elementor-column-gap-default\">\n\t\t\t\t\t<div class=\"elementor-column elementor-col-100 elementor-top-column elementor-element elementor-element-9d4302f\" data-id=\"9d4302f\" data-element_type=\"column\">\n\t\t\t<div class=\"elementor-widget-wrap elementor-element-populated\">\n\t\t\t\t\t\t\t\t<div class=\"elementor-element elementor-element-ffeac3d gallery-spacing-custom elementor-widget elementor-widget-image-gallery\" data-id=\"ffeac3d\" data-element_type=\"widget\" data-widget_type=\"image-gallery.default\">\n\t\t\t\t<div class=\"elementor-widget-container\">\n\t\t\t\t\t<div class=\"elementor-image-gallery\">\n\t\t\t\n\t\t<style type=\"text\/css\">\n\t\t\t#gallery-1 {\n\t\t\t\tmargin: auto;\n\t\t\t}\n\t\t\t#gallery-1 .gallery-item {\n\t\t\t\tfloat: left;\n\t\t\t\tmargin-top: 10px;\n\t\t\t\ttext-align: center;\n\t\t\t\twidth: 33%;\n\t\t\t}\n\t\t\t#gallery-1 img {\n\t\t\t\tborder: 2px solid #cfcfcf;\n\t\t\t}\n\t\t\t#gallery-1 .gallery-caption {\n\t\t\t\tmargin-left: 0;\n\t\t\t}\n\t\t\t\/* see gallery_shortcode() in wp-includes\/media.php *\/\n\t\t<\/style>\n\t\t<div id='gallery-1' class='gallery galleryid-8870 gallery-columns-3 gallery-size-full'><dl class='gallery-item'>\n\t\t\t<dt class='gallery-icon landscape'>\n\t\t\t\t<a data-elementor-open-lightbox=\"yes\" data-elementor-lightbox-slideshow=\"ffeac3d\" data-elementor-lightbox-title=\"ozel-uretim-tasarim-urunleri (2)\" data-e-action-hash=\"#elementor-action%3Aaction%3Dlightbox%26settings%3DeyJpZCI6OTI4NywidXJsIjoiaHR0cHM6XC9cL3Zpenlvbm1ha2luYS5jb20udHJcL2VuXC93cC1jb250ZW50XC91cGxvYWRzXC8yMDIzXC8wMlwvb3plbC11cmV0aW0tdGFzYXJpbS11cnVubGVyaS0yLndlYnAiLCJzbGlkZXNob3ciOiJmZmVhYzNkIn0%3D\" href='https:\/\/vizyonmakina.com.tr\/en\/wp-content\/uploads\/2023\/02\/ozel-uretim-tasarim-urunleri-2.webp'><img fetchpriority=\"high\" width=\"800\" height=\"600\" src=\"https:\/\/vizyonmakina.com.tr\/en\/wp-content\/uploads\/2023\/02\/ozel-uretim-tasarim-urunleri-2.webp\" class=\"attachment-full size-full\" alt=\"\" decoding=\"async\" aria-describedby=\"gallery-1-9287\" srcset=\"https:\/\/vizyonmakina.com.tr\/en\/wp-content\/uploads\/2023\/02\/ozel-uretim-tasarim-urunleri-2.webp 800w, https:\/\/vizyonmakina.com.tr\/en\/wp-content\/uploads\/2023\/02\/ozel-uretim-tasarim-urunleri-2-300x225.webp 300w, https:\/\/vizyonmakina.com.tr\/en\/wp-content\/uploads\/2023\/02\/ozel-uretim-tasarim-urunleri-2-768x576.webp 768w\" sizes=\"(max-width: 800px) 100vw, 800px\" \/><\/a>\n\t\t\t<\/dt>\n\t\t\t\t<dd class='wp-caption-text gallery-caption' id='gallery-1-9287'>\n\t\t\t\tSpecial Production \/ Design Products\n\t\t\t\t<\/dd><\/dl><dl class='gallery-item'>\n\t\t\t<dt class='gallery-icon landscape'>\n\t\t\t\t<a data-elementor-open-lightbox=\"yes\" data-elementor-lightbox-slideshow=\"ffeac3d\" data-elementor-lightbox-title=\"ozel-uretim-tasarim-urunleri (3)\" data-e-action-hash=\"#elementor-action%3Aaction%3Dlightbox%26settings%3DeyJpZCI6OTI4OCwidXJsIjoiaHR0cHM6XC9cL3Zpenlvbm1ha2luYS5jb20udHJcL2VuXC93cC1jb250ZW50XC91cGxvYWRzXC8yMDIzXC8wMlwvb3plbC11cmV0aW0tdGFzYXJpbS11cnVubGVyaS0zLndlYnAiLCJzbGlkZXNob3ciOiJmZmVhYzNkIn0%3D\" href='https:\/\/vizyonmakina.com.tr\/en\/wp-content\/uploads\/2023\/02\/ozel-uretim-tasarim-urunleri-3.webp'><img width=\"800\" height=\"600\" src=\"https:\/\/vizyonmakina.com.tr\/en\/wp-content\/uploads\/2023\/02\/ozel-uretim-tasarim-urunleri-3.webp\" class=\"attachment-full size-full\" alt=\"\" decoding=\"async\" aria-describedby=\"gallery-1-9288\" srcset=\"https:\/\/vizyonmakina.com.tr\/en\/wp-content\/uploads\/2023\/02\/ozel-uretim-tasarim-urunleri-3.webp 800w, https:\/\/vizyonmakina.com.tr\/en\/wp-content\/uploads\/2023\/02\/ozel-uretim-tasarim-urunleri-3-300x225.webp 300w, https:\/\/vizyonmakina.com.tr\/en\/wp-content\/uploads\/2023\/02\/ozel-uretim-tasarim-urunleri-3-768x576.webp 768w\" sizes=\"(max-width: 800px) 100vw, 800px\" \/><\/a>\n\t\t\t<\/dt>\n\t\t\t\t<dd class='wp-caption-text gallery-caption' id='gallery-1-9288'>\n\t\t\t\tSpecial Production \/ Design Products\n\t\t\t\t<\/dd><\/dl><dl class='gallery-item'>\n\t\t\t<dt class='gallery-icon landscape'>\n\t\t\t\t<a data-elementor-open-lightbox=\"yes\" data-elementor-lightbox-slideshow=\"ffeac3d\" data-elementor-lightbox-title=\"ozel-uretim-tasarim-urunleri (1)\" data-e-action-hash=\"#elementor-action%3Aaction%3Dlightbox%26settings%3DeyJpZCI6OTI4NiwidXJsIjoiaHR0cHM6XC9cL3Zpenlvbm1ha2luYS5jb20udHJcL2VuXC93cC1jb250ZW50XC91cGxvYWRzXC8yMDIzXC8wMlwvb3plbC11cmV0aW0tdGFzYXJpbS11cnVubGVyaS0xLndlYnAiLCJzbGlkZXNob3ciOiJmZmVhYzNkIn0%3D\" href='https:\/\/vizyonmakina.com.tr\/en\/wp-content\/uploads\/2023\/02\/ozel-uretim-tasarim-urunleri-1.webp'><img width=\"800\" height=\"600\" src=\"https:\/\/vizyonmakina.com.tr\/en\/wp-content\/uploads\/2023\/02\/ozel-uretim-tasarim-urunleri-1.webp\" class=\"attachment-full size-full\" alt=\"\" decoding=\"async\" aria-describedby=\"gallery-1-9286\" srcset=\"https:\/\/vizyonmakina.com.tr\/en\/wp-content\/uploads\/2023\/02\/ozel-uretim-tasarim-urunleri-1.webp 800w, https:\/\/vizyonmakina.com.tr\/en\/wp-content\/uploads\/2023\/02\/ozel-uretim-tasarim-urunleri-1-300x225.webp 300w, https:\/\/vizyonmakina.com.tr\/en\/wp-content\/uploads\/2023\/02\/ozel-uretim-tasarim-urunleri-1-768x576.webp 768w\" sizes=\"(max-width: 800px) 100vw, 800px\" \/><\/a>\n\t\t\t<\/dt>\n\t\t\t\t<dd class='wp-caption-text gallery-caption' id='gallery-1-9286'>\n\t\t\t\tSpecial Production \/ Design Products\n\t\t\t\t<\/dd><\/dl><br style=\"clear: both\" \/><dl class='gallery-item'>\n\t\t\t<dt class='gallery-icon landscape'>\n\t\t\t\t<a data-elementor-open-lightbox=\"yes\" data-elementor-lightbox-slideshow=\"ffeac3d\" data-elementor-lightbox-title=\"ozel-uretim-tasarim-urunleri (4)\" data-e-action-hash=\"#elementor-action%3Aaction%3Dlightbox%26settings%3DeyJpZCI6OTI4OSwidXJsIjoiaHR0cHM6XC9cL3Zpenlvbm1ha2luYS5jb20udHJcL2VuXC93cC1jb250ZW50XC91cGxvYWRzXC8yMDIzXC8wMlwvb3plbC11cmV0aW0tdGFzYXJpbS11cnVubGVyaS00LndlYnAiLCJzbGlkZXNob3ciOiJmZmVhYzNkIn0%3D\" href='https:\/\/vizyonmakina.com.tr\/en\/wp-content\/uploads\/2023\/02\/ozel-uretim-tasarim-urunleri-4.webp'><img loading=\"lazy\" width=\"800\" height=\"600\" src=\"https:\/\/vizyonmakina.com.tr\/en\/wp-content\/uploads\/2023\/02\/ozel-uretim-tasarim-urunleri-4.webp\" class=\"attachment-full size-full\" alt=\"\" decoding=\"async\" aria-describedby=\"gallery-1-9289\" srcset=\"https:\/\/vizyonmakina.com.tr\/en\/wp-content\/uploads\/2023\/02\/ozel-uretim-tasarim-urunleri-4.webp 800w, https:\/\/vizyonmakina.com.tr\/en\/wp-content\/uploads\/2023\/02\/ozel-uretim-tasarim-urunleri-4-300x225.webp 300w, https:\/\/vizyonmakina.com.tr\/en\/wp-content\/uploads\/2023\/02\/ozel-uretim-tasarim-urunleri-4-768x576.webp 768w\" sizes=\"(max-width: 800px) 100vw, 800px\" \/><\/a>\n\t\t\t<\/dt>\n\t\t\t\t<dd class='wp-caption-text gallery-caption' id='gallery-1-9289'>\n\t\t\t\tSpecial Production \/ Design Products\n\t\t\t\t<\/dd><\/dl><dl class='gallery-item'>\n\t\t\t<dt class='gallery-icon landscape'>\n\t\t\t\t<a data-elementor-open-lightbox=\"yes\" data-elementor-lightbox-slideshow=\"ffeac3d\" data-elementor-lightbox-title=\"ozel-uretim-tasarim-urunleri (5)\" data-e-action-hash=\"#elementor-action%3Aaction%3Dlightbox%26settings%3DeyJpZCI6OTI5MCwidXJsIjoiaHR0cHM6XC9cL3Zpenlvbm1ha2luYS5jb20udHJcL2VuXC93cC1jb250ZW50XC91cGxvYWRzXC8yMDIzXC8wMlwvb3plbC11cmV0aW0tdGFzYXJpbS11cnVubGVyaS01LndlYnAiLCJzbGlkZXNob3ciOiJmZmVhYzNkIn0%3D\" href='https:\/\/vizyonmakina.com.tr\/en\/wp-content\/uploads\/2023\/02\/ozel-uretim-tasarim-urunleri-5.webp'><img loading=\"lazy\" width=\"800\" height=\"600\" src=\"https:\/\/vizyonmakina.com.tr\/en\/wp-content\/uploads\/2023\/02\/ozel-uretim-tasarim-urunleri-5.webp\" class=\"attachment-full size-full\" alt=\"\" decoding=\"async\" aria-describedby=\"gallery-1-9290\" srcset=\"https:\/\/vizyonmakina.com.tr\/en\/wp-content\/uploads\/2023\/02\/ozel-uretim-tasarim-urunleri-5.webp 800w, https:\/\/vizyonmakina.com.tr\/en\/wp-content\/uploads\/2023\/02\/ozel-uretim-tasarim-urunleri-5-300x225.webp 300w, https:\/\/vizyonmakina.com.tr\/en\/wp-content\/uploads\/2023\/02\/ozel-uretim-tasarim-urunleri-5-768x576.webp 768w\" sizes=\"(max-width: 800px) 100vw, 800px\" \/><\/a>\n\t\t\t<\/dt>\n\t\t\t\t<dd class='wp-caption-text gallery-caption' id='gallery-1-9290'>\n\t\t\t\tSpecial Production \/ Design Products\n\t\t\t\t<\/dd><\/dl><dl class='gallery-item'>\n\t\t\t<dt class='gallery-icon landscape'>\n\t\t\t\t<a data-elementor-open-lightbox=\"yes\" data-elementor-lightbox-slideshow=\"ffeac3d\" data-elementor-lightbox-title=\"ozel-uretim-tasarim-urunleri (6)\" data-e-action-hash=\"#elementor-action%3Aaction%3Dlightbox%26settings%3DeyJpZCI6OTI5MSwidXJsIjoiaHR0cHM6XC9cL3Zpenlvbm1ha2luYS5jb20udHJcL2VuXC93cC1jb250ZW50XC91cGxvYWRzXC8yMDIzXC8wMlwvb3plbC11cmV0aW0tdGFzYXJpbS11cnVubGVyaS02LndlYnAiLCJzbGlkZXNob3ciOiJmZmVhYzNkIn0%3D\" href='https:\/\/vizyonmakina.com.tr\/en\/wp-content\/uploads\/2023\/02\/ozel-uretim-tasarim-urunleri-6.webp'><img loading=\"lazy\" width=\"800\" height=\"600\" src=\"https:\/\/vizyonmakina.com.tr\/en\/wp-content\/uploads\/2023\/02\/ozel-uretim-tasarim-urunleri-6.webp\" class=\"attachment-full size-full\" alt=\"\" decoding=\"async\" aria-describedby=\"gallery-1-9291\" srcset=\"https:\/\/vizyonmakina.com.tr\/en\/wp-content\/uploads\/2023\/02\/ozel-uretim-tasarim-urunleri-6.webp 800w, https:\/\/vizyonmakina.com.tr\/en\/wp-content\/uploads\/2023\/02\/ozel-uretim-tasarim-urunleri-6-300x225.webp 300w, https:\/\/vizyonmakina.com.tr\/en\/wp-content\/uploads\/2023\/02\/ozel-uretim-tasarim-urunleri-6-768x576.webp 768w\" sizes=\"(max-width: 800px) 100vw, 800px\" \/><\/a>\n\t\t\t<\/dt>\n\t\t\t\t<dd class='wp-caption-text gallery-caption' id='gallery-1-9291'>\n\t\t\t\tSpecial Production \/ Design Products\n\t\t\t\t<\/dd><\/dl><br style=\"clear: both\" \/><dl class='gallery-item'>\n\t\t\t<dt class='gallery-icon landscape'>\n\t\t\t\t<a data-elementor-open-lightbox=\"yes\" data-elementor-lightbox-slideshow=\"ffeac3d\" data-elementor-lightbox-title=\"\u00d6ZEL \u00dcRT.5\" data-e-action-hash=\"#elementor-action%3Aaction%3Dlightbox%26settings%3DeyJpZCI6MTAwODksInVybCI6Imh0dHBzOlwvXC92aXp5b25tYWtpbmEuY29tLnRyXC9lblwvd3AtY29udGVudFwvdXBsb2Fkc1wvMjAyM1wvMDdcL09aRUwtVVJULjUud2VicCIsInNsaWRlc2hvdyI6ImZmZWFjM2QifQ%3D%3D\" href='https:\/\/vizyonmakina.com.tr\/en\/wp-content\/uploads\/2023\/07\/OZEL-URT.5.webp'><img loading=\"lazy\" width=\"800\" height=\"600\" src=\"https:\/\/vizyonmakina.com.tr\/en\/wp-content\/uploads\/2023\/07\/OZEL-URT.5.webp\" class=\"attachment-full size-full\" alt=\"\" decoding=\"async\" aria-describedby=\"gallery-1-10089\" srcset=\"https:\/\/vizyonmakina.com.tr\/en\/wp-content\/uploads\/2023\/07\/OZEL-URT.5.webp 800w, https:\/\/vizyonmakina.com.tr\/en\/wp-content\/uploads\/2023\/07\/OZEL-URT.5-300x225.webp 300w, https:\/\/vizyonmakina.com.tr\/en\/wp-content\/uploads\/2023\/07\/OZEL-URT.5-768x576.webp 768w\" sizes=\"(max-width: 800px) 100vw, 800px\" \/><\/a>\n\t\t\t<\/dt>\n\t\t\t\t<dd class='wp-caption-text gallery-caption' id='gallery-1-10089'>\n\t\t\t\tSpecial Production \/ Design Products\n\t\t\t\t<\/dd><\/dl><dl class='gallery-item'>\n\t\t\t<dt class='gallery-icon landscape'>\n\t\t\t\t<a data-elementor-open-lightbox=\"yes\" data-elementor-lightbox-slideshow=\"ffeac3d\" data-elementor-lightbox-title=\"\u00f6zel \u00fcretimler 1\" data-e-action-hash=\"#elementor-action%3Aaction%3Dlightbox%26settings%3DeyJpZCI6MTAwODgsInVybCI6Imh0dHBzOlwvXC92aXp5b25tYWtpbmEuY29tLnRyXC9lblwvd3AtY29udGVudFwvdXBsb2Fkc1wvMjAyM1wvMDdcL296ZWwtdXJldGltbGVyLTEud2VicCIsInNsaWRlc2hvdyI6ImZmZWFjM2QifQ%3D%3D\" href='https:\/\/vizyonmakina.com.tr\/en\/wp-content\/uploads\/2023\/07\/ozel-uretimler-1.webp'><img loading=\"lazy\" width=\"800\" height=\"600\" src=\"https:\/\/vizyonmakina.com.tr\/en\/wp-content\/uploads\/2023\/07\/ozel-uretimler-1.webp\" class=\"attachment-full size-full\" alt=\"\" decoding=\"async\" aria-describedby=\"gallery-1-10088\" srcset=\"https:\/\/vizyonmakina.com.tr\/en\/wp-content\/uploads\/2023\/07\/ozel-uretimler-1.webp 800w, https:\/\/vizyonmakina.com.tr\/en\/wp-content\/uploads\/2023\/07\/ozel-uretimler-1-300x225.webp 300w, https:\/\/vizyonmakina.com.tr\/en\/wp-content\/uploads\/2023\/07\/ozel-uretimler-1-768x576.webp 768w\" sizes=\"(max-width: 800px) 100vw, 800px\" \/><\/a>\n\t\t\t<\/dt>\n\t\t\t\t<dd class='wp-caption-text gallery-caption' id='gallery-1-10088'>\n\t\t\t\tSpecial Production \/ Design Products\n\t\t\t\t<\/dd><\/dl><dl class='gallery-item'>\n\t\t\t<dt class='gallery-icon landscape'>\n\t\t\t\t<a data-elementor-open-lightbox=\"yes\" data-elementor-lightbox-slideshow=\"ffeac3d\" data-elementor-lightbox-title=\"\u00d6ZEL \u00dcRET\u0130M 4\" data-e-action-hash=\"#elementor-action%3Aaction%3Dlightbox%26settings%3DeyJpZCI6MTAwODcsInVybCI6Imh0dHBzOlwvXC92aXp5b25tYWtpbmEuY29tLnRyXC9lblwvd3AtY29udGVudFwvdXBsb2Fkc1wvMjAyM1wvMDdcL09aRUwtVVJFVElNLTQud2VicCIsInNsaWRlc2hvdyI6ImZmZWFjM2QifQ%3D%3D\" href='https:\/\/vizyonmakina.com.tr\/en\/wp-content\/uploads\/2023\/07\/OZEL-URETIM-4.webp'><img loading=\"lazy\" width=\"800\" height=\"600\" src=\"https:\/\/vizyonmakina.com.tr\/en\/wp-content\/uploads\/2023\/07\/OZEL-URETIM-4.webp\" class=\"attachment-full size-full\" alt=\"\" decoding=\"async\" aria-describedby=\"gallery-1-10087\" srcset=\"https:\/\/vizyonmakina.com.tr\/en\/wp-content\/uploads\/2023\/07\/OZEL-URETIM-4.webp 800w, https:\/\/vizyonmakina.com.tr\/en\/wp-content\/uploads\/2023\/07\/OZEL-URETIM-4-300x225.webp 300w, https:\/\/vizyonmakina.com.tr\/en\/wp-content\/uploads\/2023\/07\/OZEL-URETIM-4-768x576.webp 768w\" sizes=\"(max-width: 800px) 100vw, 800px\" \/><\/a>\n\t\t\t<\/dt>\n\t\t\t\t<dd class='wp-caption-text gallery-caption' id='gallery-1-10087'>\n\t\t\t\tSpecial Production \/ Design Products\n\t\t\t\t<\/dd><\/dl><br style=\"clear: both\" \/>\n\t\t<\/div>\n\t\t<\/div>\n\t\t\t\t<\/div>\n\t\t\t\t<\/div>\n\t\t\t\t\t<\/div>\n\t\t<\/div>\n\t\t\t\t\t\t\t<\/div>\n\t\t<\/section>\n\t\t\t\t\t\t\t<\/div>\n\t\t","protected":false},"excerpt":{"rendered":"<p>Special Production \/ Design Products You can view our works such as Enamel Cabins, Filtered Cabins, Multi Cyclone Cabins, Conveyor Lines, Top Pallet Oven, Tunnel Type Cooking Oven, which we have designed and installed for the needs of our customers, as Vizyon Makina. Special Production \/ Design Products Special Production \/ Design Products Special Production [&hellip;]<\/p>\n","protected":false},"author":1,"featured_media":0,"parent":0,"menu_order":0,"comment_status":"closed","ping_status":"closed","template":"elementor_header_footer","meta":[],"_links":{"self":[{"href":"https:\/\/vizyonmakina.com.tr\/en\/wp-json\/wp\/v2\/pages\/8870"}],"collection":[{"href":"https:\/\/vizyonmakina.com.tr\/en\/wp-json\/wp\/v2\/pages"}],"about":[{"href":"https:\/\/vizyonmakina.com.tr\/en\/wp-json\/wp\/v2\/types\/page"}],"author":[{"embeddable":true,"href":"https:\/\/vizyonmakina.com.tr\/en\/wp-json\/wp\/v2\/users\/1"}],"replies":[{"embeddable":true,"href":"https:\/\/vizyonmakina.com.tr\/en\/wp-json\/wp\/v2\/comments?post=8870"}],"version-history":[{"count":14,"href":"https:\/\/vizyonmakina.com.tr\/en\/wp-json\/wp\/v2\/pages\/8870\/revisions"}],"predecessor-version":[{"id":10092,"href":"https:\/\/vizyonmakina.com.tr\/en\/wp-json\/wp\/v2\/pages\/8870\/revisions\/10092"}],"wp:attachment":[{"href":"https:\/\/vizyonmakina.com.tr\/en\/wp-json\/wp\/v2\/media?parent=8870"}],"curies":[{"name":"wp","href":"https:\/\/api.w.org\/{rel}","templated":true}]}}