{"id":8866,"date":"2023-02-15T17:59:06","date_gmt":"2023-02-15T14:59:06","guid":{"rendered":"https:\/\/vizyonmakina.com.tr\/?page_id=8866"},"modified":"2023-08-02T22:04:51","modified_gmt":"2023-08-02T19:04:51","slug":"conveyor-types","status":"publish","type":"page","link":"https:\/\/vizyonmakina.com.tr\/en\/conveyor-types\/","title":{"rendered":"Conveyor Types"},"content":{"rendered":"\t\t<div data-elementor-type=\"wp-page\" data-elementor-id=\"8866\" class=\"elementor elementor-8866\">\n\t\t\t\t\t\t\t\t\t<section class=\"elementor-section elementor-top-section elementor-element elementor-element-543f839 elementor-section-boxed elementor-section-height-default elementor-section-height-default\" data-id=\"543f839\" data-element_type=\"section\">\n\t\t\t\t\t\t<div class=\"elementor-container elementor-column-gap-default\">\n\t\t\t\t\t<div class=\"elementor-column elementor-col-100 elementor-top-column elementor-element elementor-element-243f25d\" data-id=\"243f25d\" data-element_type=\"column\">\n\t\t\t<div class=\"elementor-widget-wrap elementor-element-populated\">\n\t\t\t\t\t\t\t\t<div class=\"elementor-element elementor-element-dd2fdf5 elementor-widget elementor-widget-heading\" data-id=\"dd2fdf5\" data-element_type=\"widget\" data-widget_type=\"heading.default\">\n\t\t\t\t<div class=\"elementor-widget-container\">\n\t\t\t<h1 class=\"elementor-heading-title elementor-size-default\">Conveyor Types and Oils<\/h1>\t\t<\/div>\n\t\t\t\t<\/div>\n\t\t\t\t\t<\/div>\n\t\t<\/div>\n\t\t\t\t\t\t\t<\/div>\n\t\t<\/section>\n\t\t\t\t<section class=\"elementor-section elementor-top-section elementor-element elementor-element-ce23d32 elementor-section-boxed elementor-section-height-default elementor-section-height-default\" data-id=\"ce23d32\" data-element_type=\"section\">\n\t\t\t\t\t\t<div class=\"elementor-container elementor-column-gap-default\">\n\t\t\t\t\t<div class=\"elementor-column elementor-col-100 elementor-top-column elementor-element elementor-element-6fccf15\" data-id=\"6fccf15\" data-element_type=\"column\">\n\t\t\t<div class=\"elementor-widget-wrap elementor-element-populated\">\n\t\t\t\t\t\t\t\t<div class=\"elementor-element elementor-element-5408dfe elementor-widget elementor-widget-heading\" data-id=\"5408dfe\" data-element_type=\"widget\" data-widget_type=\"heading.default\">\n\t\t\t\t<div class=\"elementor-widget-container\">\n\t\t\t<h2 class=\"elementor-heading-title elementor-size-default\">Webb Type and Cardan Type Conveyor<\/h2>\t\t<\/div>\n\t\t\t\t<\/div>\n\t\t\t\t<div class=\"elementor-element elementor-element-9b82f74 elementor-widget elementor-widget-text-editor\" data-id=\"9b82f74\" data-element_type=\"widget\" data-widget_type=\"text-editor.default\">\n\t\t\t\t<div class=\"elementor-widget-container\">\n\t\t\t\t\t\t\t<p>It consists of 3 parts, side link, middle link and pin, manufactured from high carbon steel by hot forging method. Since the chain links are connected to each other without rivets, assembly and disassembly are very easy. Trolleys consist of 2 symmetrical bodies, between which carrier blades are connected and bearings are mounted on them. Bearings are special type conveyor bearings that can operate at 200\u02daC. The bodies are manufactured from high carbon steel by hot forging method. Trolley bearings are lubricated by the grease nipples on the bodies. It works with the principle that the trolleys mounted on the chains moved by the drive unit carry the suspended loads by moving on the NPI profile rail.<\/p>\t\t\t\t\t\t<\/div>\n\t\t\t\t<\/div>\n\t\t\t\t\t<\/div>\n\t\t<\/div>\n\t\t\t\t\t\t\t<\/div>\n\t\t<\/section>\n\t\t\t\t<section class=\"elementor-section elementor-top-section elementor-element elementor-element-e823503 elementor-section-boxed elementor-section-height-default elementor-section-height-default\" data-id=\"e823503\" data-element_type=\"section\">\n\t\t\t\t\t\t<div class=\"elementor-container elementor-column-gap-default\">\n\t\t\t\t\t<div class=\"elementor-column elementor-col-100 elementor-top-column elementor-element elementor-element-cc9ac2b\" data-id=\"cc9ac2b\" data-element_type=\"column\">\n\t\t\t<div class=\"elementor-widget-wrap elementor-element-populated\">\n\t\t\t\t\t\t\t\t<div class=\"elementor-element elementor-element-577029d gallery-spacing-custom elementor-widget elementor-widget-image-gallery\" data-id=\"577029d\" data-element_type=\"widget\" data-widget_type=\"image-gallery.default\">\n\t\t\t\t<div class=\"elementor-widget-container\">\n\t\t\t\t\t<div class=\"elementor-image-gallery\">\n\t\t\t\n\t\t<style type=\"text\/css\">\n\t\t\t#gallery-1 {\n\t\t\t\tmargin: auto;\n\t\t\t}\n\t\t\t#gallery-1 .gallery-item {\n\t\t\t\tfloat: left;\n\t\t\t\tmargin-top: 10px;\n\t\t\t\ttext-align: center;\n\t\t\t\twidth: 33%;\n\t\t\t}\n\t\t\t#gallery-1 img {\n\t\t\t\tborder: 2px solid #cfcfcf;\n\t\t\t}\n\t\t\t#gallery-1 .gallery-caption {\n\t\t\t\tmargin-left: 0;\n\t\t\t}\n\t\t\t\/* see gallery_shortcode() in wp-includes\/media.php *\/\n\t\t<\/style>\n\t\t<div id='gallery-1' class='gallery galleryid-8866 gallery-columns-3 gallery-size-full'><dl class='gallery-item'>\n\t\t\t<dt class='gallery-icon landscape'>\n\t\t\t\t<a data-elementor-open-lightbox=\"yes\" data-elementor-lightbox-slideshow=\"577029d\" data-elementor-lightbox-title=\"konveyor-cesitleri-1\" data-e-action-hash=\"#elementor-action%3Aaction%3Dlightbox%26settings%3DeyJpZCI6OTI3NiwidXJsIjoiaHR0cHM6XC9cL3Zpenlvbm1ha2luYS5jb20udHJcL2VuXC93cC1jb250ZW50XC91cGxvYWRzXC8yMDIzXC8wMlwva29udmV5b3ItY2VzaXRsZXJpLTEud2VicCIsInNsaWRlc2hvdyI6IjU3NzAyOWQifQ%3D%3D\" href='https:\/\/vizyonmakina.com.tr\/en\/wp-content\/uploads\/2023\/02\/konveyor-cesitleri-1.webp'><img fetchpriority=\"high\" width=\"800\" height=\"600\" src=\"https:\/\/vizyonmakina.com.tr\/en\/wp-content\/uploads\/2023\/02\/konveyor-cesitleri-1.webp\" class=\"attachment-full size-full\" alt=\"\" decoding=\"async\" aria-describedby=\"gallery-1-9276\" srcset=\"https:\/\/vizyonmakina.com.tr\/en\/wp-content\/uploads\/2023\/02\/konveyor-cesitleri-1.webp 800w, https:\/\/vizyonmakina.com.tr\/en\/wp-content\/uploads\/2023\/02\/konveyor-cesitleri-1-300x225.webp 300w, https:\/\/vizyonmakina.com.tr\/en\/wp-content\/uploads\/2023\/02\/konveyor-cesitleri-1-768x576.webp 768w\" sizes=\"(max-width: 800px) 100vw, 800px\" \/><\/a>\n\t\t\t<\/dt>\n\t\t\t\t<dd class='wp-caption-text gallery-caption' id='gallery-1-9276'>\n\t\t\t\tConveyor Types\u200b\n\t\t\t\t<\/dd><\/dl><dl class='gallery-item'>\n\t\t\t<dt class='gallery-icon landscape'>\n\t\t\t\t<a data-elementor-open-lightbox=\"yes\" data-elementor-lightbox-slideshow=\"577029d\" data-elementor-lightbox-title=\"konveyor-cesitleri-7\" data-e-action-hash=\"#elementor-action%3Aaction%3Dlightbox%26settings%3DeyJpZCI6OTI3OSwidXJsIjoiaHR0cHM6XC9cL3Zpenlvbm1ha2luYS5jb20udHJcL2VuXC93cC1jb250ZW50XC91cGxvYWRzXC8yMDIzXC8wMlwva29udmV5b3ItY2VzaXRsZXJpLTcud2VicCIsInNsaWRlc2hvdyI6IjU3NzAyOWQifQ%3D%3D\" href='https:\/\/vizyonmakina.com.tr\/en\/wp-content\/uploads\/2023\/02\/konveyor-cesitleri-7.webp'><img width=\"800\" height=\"600\" src=\"https:\/\/vizyonmakina.com.tr\/en\/wp-content\/uploads\/2023\/02\/konveyor-cesitleri-7.webp\" class=\"attachment-full size-full\" alt=\"\" decoding=\"async\" aria-describedby=\"gallery-1-9279\" srcset=\"https:\/\/vizyonmakina.com.tr\/en\/wp-content\/uploads\/2023\/02\/konveyor-cesitleri-7.webp 800w, https:\/\/vizyonmakina.com.tr\/en\/wp-content\/uploads\/2023\/02\/konveyor-cesitleri-7-300x225.webp 300w, https:\/\/vizyonmakina.com.tr\/en\/wp-content\/uploads\/2023\/02\/konveyor-cesitleri-7-768x576.webp 768w\" sizes=\"(max-width: 800px) 100vw, 800px\" \/><\/a>\n\t\t\t<\/dt>\n\t\t\t\t<dd class='wp-caption-text gallery-caption' id='gallery-1-9279'>\n\t\t\t\tConveyor Types\u200b\n\t\t\t\t<\/dd><\/dl><dl class='gallery-item'>\n\t\t\t<dt class='gallery-icon landscape'>\n\t\t\t\t<a data-elementor-open-lightbox=\"yes\" data-elementor-lightbox-slideshow=\"577029d\" data-elementor-lightbox-title=\"konveyor-cesitleri-2\" data-e-action-hash=\"#elementor-action%3Aaction%3Dlightbox%26settings%3DeyJpZCI6OTI3NywidXJsIjoiaHR0cHM6XC9cL3Zpenlvbm1ha2luYS5jb20udHJcL2VuXC93cC1jb250ZW50XC91cGxvYWRzXC8yMDIzXC8wMlwva29udmV5b3ItY2VzaXRsZXJpLTIud2VicCIsInNsaWRlc2hvdyI6IjU3NzAyOWQifQ%3D%3D\" href='https:\/\/vizyonmakina.com.tr\/en\/wp-content\/uploads\/2023\/02\/konveyor-cesitleri-2.webp'><img width=\"800\" height=\"600\" src=\"https:\/\/vizyonmakina.com.tr\/en\/wp-content\/uploads\/2023\/02\/konveyor-cesitleri-2.webp\" class=\"attachment-full size-full\" alt=\"\" decoding=\"async\" aria-describedby=\"gallery-1-9277\" srcset=\"https:\/\/vizyonmakina.com.tr\/en\/wp-content\/uploads\/2023\/02\/konveyor-cesitleri-2.webp 800w, https:\/\/vizyonmakina.com.tr\/en\/wp-content\/uploads\/2023\/02\/konveyor-cesitleri-2-300x225.webp 300w, https:\/\/vizyonmakina.com.tr\/en\/wp-content\/uploads\/2023\/02\/konveyor-cesitleri-2-768x576.webp 768w\" sizes=\"(max-width: 800px) 100vw, 800px\" \/><\/a>\n\t\t\t<\/dt>\n\t\t\t\t<dd class='wp-caption-text gallery-caption' id='gallery-1-9277'>\n\t\t\t\tConveyor Types\u200b\n\t\t\t\t<\/dd><\/dl><br style=\"clear: both\" \/><dl class='gallery-item'>\n\t\t\t<dt class='gallery-icon landscape'>\n\t\t\t\t<a data-elementor-open-lightbox=\"yes\" data-elementor-lightbox-slideshow=\"577029d\" data-elementor-lightbox-title=\"konveyor-cesitleri-3\" data-e-action-hash=\"#elementor-action%3Aaction%3Dlightbox%26settings%3DeyJpZCI6OTI3OCwidXJsIjoiaHR0cHM6XC9cL3Zpenlvbm1ha2luYS5jb20udHJcL2VuXC93cC1jb250ZW50XC91cGxvYWRzXC8yMDIzXC8wMlwva29udmV5b3ItY2VzaXRsZXJpLTMud2VicCIsInNsaWRlc2hvdyI6IjU3NzAyOWQifQ%3D%3D\" href='https:\/\/vizyonmakina.com.tr\/en\/wp-content\/uploads\/2023\/02\/konveyor-cesitleri-3.webp'><img loading=\"lazy\" width=\"800\" height=\"600\" src=\"https:\/\/vizyonmakina.com.tr\/en\/wp-content\/uploads\/2023\/02\/konveyor-cesitleri-3.webp\" class=\"attachment-full size-full\" alt=\"\" decoding=\"async\" aria-describedby=\"gallery-1-9278\" srcset=\"https:\/\/vizyonmakina.com.tr\/en\/wp-content\/uploads\/2023\/02\/konveyor-cesitleri-3.webp 800w, https:\/\/vizyonmakina.com.tr\/en\/wp-content\/uploads\/2023\/02\/konveyor-cesitleri-3-300x225.webp 300w, https:\/\/vizyonmakina.com.tr\/en\/wp-content\/uploads\/2023\/02\/konveyor-cesitleri-3-768x576.webp 768w\" sizes=\"(max-width: 800px) 100vw, 800px\" \/><\/a>\n\t\t\t<\/dt>\n\t\t\t\t<dd class='wp-caption-text gallery-caption' id='gallery-1-9278'>\n\t\t\t\tConveyor Types\u200b\n\t\t\t\t<\/dd><\/dl><dl class='gallery-item'>\n\t\t\t<dt class='gallery-icon landscape'>\n\t\t\t\t<a data-elementor-open-lightbox=\"yes\" data-elementor-lightbox-slideshow=\"577029d\" data-elementor-lightbox-title=\"konveyor-cesitleri-4\" data-e-action-hash=\"#elementor-action%3Aaction%3Dlightbox%26settings%3DeyJpZCI6OTI4MCwidXJsIjoiaHR0cHM6XC9cL3Zpenlvbm1ha2luYS5jb20udHJcL2VuXC93cC1jb250ZW50XC91cGxvYWRzXC8yMDIzXC8wMlwva29udmV5b3ItY2VzaXRsZXJpLTQud2VicCIsInNsaWRlc2hvdyI6IjU3NzAyOWQifQ%3D%3D\" href='https:\/\/vizyonmakina.com.tr\/en\/wp-content\/uploads\/2023\/02\/konveyor-cesitleri-4.webp'><img loading=\"lazy\" width=\"800\" height=\"600\" src=\"https:\/\/vizyonmakina.com.tr\/en\/wp-content\/uploads\/2023\/02\/konveyor-cesitleri-4.webp\" class=\"attachment-full size-full\" alt=\"\" decoding=\"async\" aria-describedby=\"gallery-1-9280\" srcset=\"https:\/\/vizyonmakina.com.tr\/en\/wp-content\/uploads\/2023\/02\/konveyor-cesitleri-4.webp 800w, https:\/\/vizyonmakina.com.tr\/en\/wp-content\/uploads\/2023\/02\/konveyor-cesitleri-4-300x225.webp 300w, https:\/\/vizyonmakina.com.tr\/en\/wp-content\/uploads\/2023\/02\/konveyor-cesitleri-4-768x576.webp 768w\" sizes=\"(max-width: 800px) 100vw, 800px\" \/><\/a>\n\t\t\t<\/dt>\n\t\t\t\t<dd class='wp-caption-text gallery-caption' id='gallery-1-9280'>\n\t\t\t\tConveyor Types\u200b\n\t\t\t\t<\/dd><\/dl><dl class='gallery-item'>\n\t\t\t<dt class='gallery-icon landscape'>\n\t\t\t\t<a data-elementor-open-lightbox=\"yes\" data-elementor-lightbox-slideshow=\"577029d\" data-elementor-lightbox-title=\"konveyor-cesitleri-6\" data-e-action-hash=\"#elementor-action%3Aaction%3Dlightbox%26settings%3DeyJpZCI6OTI4MiwidXJsIjoiaHR0cHM6XC9cL3Zpenlvbm1ha2luYS5jb20udHJcL2VuXC93cC1jb250ZW50XC91cGxvYWRzXC8yMDIzXC8wMlwva29udmV5b3ItY2VzaXRsZXJpLTYud2VicCIsInNsaWRlc2hvdyI6IjU3NzAyOWQifQ%3D%3D\" href='https:\/\/vizyonmakina.com.tr\/en\/wp-content\/uploads\/2023\/02\/konveyor-cesitleri-6.webp'><img loading=\"lazy\" width=\"800\" height=\"600\" src=\"https:\/\/vizyonmakina.com.tr\/en\/wp-content\/uploads\/2023\/02\/konveyor-cesitleri-6.webp\" class=\"attachment-full size-full\" alt=\"\" decoding=\"async\" aria-describedby=\"gallery-1-9282\" srcset=\"https:\/\/vizyonmakina.com.tr\/en\/wp-content\/uploads\/2023\/02\/konveyor-cesitleri-6.webp 800w, https:\/\/vizyonmakina.com.tr\/en\/wp-content\/uploads\/2023\/02\/konveyor-cesitleri-6-300x225.webp 300w, https:\/\/vizyonmakina.com.tr\/en\/wp-content\/uploads\/2023\/02\/konveyor-cesitleri-6-768x576.webp 768w\" sizes=\"(max-width: 800px) 100vw, 800px\" \/><\/a>\n\t\t\t<\/dt>\n\t\t\t\t<dd class='wp-caption-text gallery-caption' id='gallery-1-9282'>\n\t\t\t\tConveyor Types\u200b\n\t\t\t\t<\/dd><\/dl><br style=\"clear: both\" \/><dl class='gallery-item'>\n\t\t\t<dt class='gallery-icon landscape'>\n\t\t\t\t<a data-elementor-open-lightbox=\"yes\" data-elementor-lightbox-slideshow=\"577029d\" data-elementor-lightbox-title=\"KONVEY\u00d6R YA\u011eLARI-KARDAN ve WEB \u0130\u00c7\u0130N\" data-e-action-hash=\"#elementor-action%3Aaction%3Dlightbox%26settings%3DeyJpZCI6MTAwMTYsInVybCI6Imh0dHBzOlwvXC92aXp5b25tYWtpbmEuY29tLnRyXC9lblwvd3AtY29udGVudFwvdXBsb2Fkc1wvMjAyM1wvMDdcL0tPTlZFWU9SLVlBR0xBUkktS0FSREFOLXZlLVdFQi1JQ0lOLndlYnAiLCJzbGlkZXNob3ciOiI1NzcwMjlkIn0%3D\" href='https:\/\/vizyonmakina.com.tr\/en\/wp-content\/uploads\/2023\/07\/KONVEYOR-YAGLARI-KARDAN-ve-WEB-ICIN.webp'><img loading=\"lazy\" width=\"800\" height=\"600\" src=\"https:\/\/vizyonmakina.com.tr\/en\/wp-content\/uploads\/2023\/07\/KONVEYOR-YAGLARI-KARDAN-ve-WEB-ICIN.webp\" class=\"attachment-full size-full\" alt=\"\" decoding=\"async\" aria-describedby=\"gallery-1-10016\" srcset=\"https:\/\/vizyonmakina.com.tr\/en\/wp-content\/uploads\/2023\/07\/KONVEYOR-YAGLARI-KARDAN-ve-WEB-ICIN.webp 800w, https:\/\/vizyonmakina.com.tr\/en\/wp-content\/uploads\/2023\/07\/KONVEYOR-YAGLARI-KARDAN-ve-WEB-ICIN-300x225.webp 300w, https:\/\/vizyonmakina.com.tr\/en\/wp-content\/uploads\/2023\/07\/KONVEYOR-YAGLARI-KARDAN-ve-WEB-ICIN-768x576.webp 768w\" sizes=\"(max-width: 800px) 100vw, 800px\" \/><\/a>\n\t\t\t<\/dt>\n\t\t\t\t<dd class='wp-caption-text gallery-caption' id='gallery-1-10016'>\n\t\t\t\tConveyor Oils\n\t\t\t\t<\/dd><\/dl><dl class='gallery-item'>\n\t\t\t<dt class='gallery-icon landscape'>\n\t\t\t\t<a data-elementor-open-lightbox=\"yes\" data-elementor-lightbox-slideshow=\"577029d\" data-elementor-lightbox-title=\"WEB KONVEY\u00d6R - GRES YA\u011eI\" data-e-action-hash=\"#elementor-action%3Aaction%3Dlightbox%26settings%3DeyJpZCI6MTAwMTcsInVybCI6Imh0dHBzOlwvXC92aXp5b25tYWtpbmEuY29tLnRyXC9lblwvd3AtY29udGVudFwvdXBsb2Fkc1wvMjAyM1wvMDdcL1dFQi1LT05WRVlPUi1HUkVTLVlBR0kud2VicCIsInNsaWRlc2hvdyI6IjU3NzAyOWQifQ%3D%3D\" href='https:\/\/vizyonmakina.com.tr\/en\/wp-content\/uploads\/2023\/07\/WEB-KONVEYOR-GRES-YAGI.webp'><img loading=\"lazy\" width=\"800\" height=\"600\" src=\"https:\/\/vizyonmakina.com.tr\/en\/wp-content\/uploads\/2023\/07\/WEB-KONVEYOR-GRES-YAGI.webp\" class=\"attachment-full size-full\" alt=\"\" decoding=\"async\" aria-describedby=\"gallery-1-10017\" srcset=\"https:\/\/vizyonmakina.com.tr\/en\/wp-content\/uploads\/2023\/07\/WEB-KONVEYOR-GRES-YAGI.webp 800w, https:\/\/vizyonmakina.com.tr\/en\/wp-content\/uploads\/2023\/07\/WEB-KONVEYOR-GRES-YAGI-300x225.webp 300w, https:\/\/vizyonmakina.com.tr\/en\/wp-content\/uploads\/2023\/07\/WEB-KONVEYOR-GRES-YAGI-768x576.webp 768w\" sizes=\"(max-width: 800px) 100vw, 800px\" \/><\/a>\n\t\t\t<\/dt>\n\t\t\t\t<dd class='wp-caption-text gallery-caption' id='gallery-1-10017'>\n\t\t\t\tConveyor Oils\n\t\t\t\t<\/dd><\/dl>\n\t\t\t<br style='clear: both' \/>\n\t\t<\/div>\n\t\t<\/div>\n\t\t\t\t<\/div>\n\t\t\t\t<\/div>\n\t\t\t\t\t<\/div>\n\t\t<\/div>\n\t\t\t\t\t\t\t<\/div>\n\t\t<\/section>\n\t\t\t\t<section class=\"elementor-section elementor-top-section elementor-element elementor-element-4558885 elementor-section-boxed elementor-section-height-default elementor-section-height-default\" data-id=\"4558885\" data-element_type=\"section\">\n\t\t\t\t\t\t<div class=\"elementor-container elementor-column-gap-default\">\n\t\t\t\t\t<div class=\"elementor-column elementor-col-100 elementor-top-column elementor-element elementor-element-ea4a555\" data-id=\"ea4a555\" data-element_type=\"column\">\n\t\t\t<div class=\"elementor-widget-wrap elementor-element-populated\">\n\t\t\t\t\t\t\t\t<div class=\"elementor-element elementor-element-4922d46 elementor-widget elementor-widget-text-editor\" data-id=\"4922d46\" data-element_type=\"widget\" data-widget_type=\"text-editor.default\">\n\t\t\t\t<div class=\"elementor-widget-container\">\n\t\t\t\t\t\t\t<p>Conveyor rail is carried by steel supports fixed to the ground. Due to their structure, chains are suitable for vertical movements on the z-axis as well as horizontal movements in the x and y axes. They are preferred conveyor systems due to their robustness as well as their simple structure and low maintenance. The breaking strength of the chain is 11.000 kg and each suspension piece has a material carrying capacity of 120 kg. There is a tensioner construction that keeps the system in tension and horizontal and vertical turns are available. The driving power is provided by a low AC current motor gearbox type station. Conveyor speed is controlled by speed controller.<\/p>\t\t\t\t\t\t<\/div>\n\t\t\t\t<\/div>\n\t\t\t\t\t<\/div>\n\t\t<\/div>\n\t\t\t\t\t\t\t<\/div>\n\t\t<\/section>\n\t\t\t\t\t\t\t<\/div>\n\t\t","protected":false},"excerpt":{"rendered":"<p>Conveyor Types and Oils Webb Type and Cardan Type Conveyor It consists of 3 parts, side link, middle link and pin, manufactured from high carbon steel by hot forging method. Since the chain links are connected to each other without rivets, assembly and disassembly are very easy. Trolleys consist of 2 symmetrical bodies, between which [&hellip;]<\/p>\n","protected":false},"author":1,"featured_media":0,"parent":0,"menu_order":0,"comment_status":"closed","ping_status":"closed","template":"elementor_header_footer","meta":[],"_links":{"self":[{"href":"https:\/\/vizyonmakina.com.tr\/en\/wp-json\/wp\/v2\/pages\/8866"}],"collection":[{"href":"https:\/\/vizyonmakina.com.tr\/en\/wp-json\/wp\/v2\/pages"}],"about":[{"href":"https:\/\/vizyonmakina.com.tr\/en\/wp-json\/wp\/v2\/types\/page"}],"author":[{"embeddable":true,"href":"https:\/\/vizyonmakina.com.tr\/en\/wp-json\/wp\/v2\/users\/1"}],"replies":[{"embeddable":true,"href":"https:\/\/vizyonmakina.com.tr\/en\/wp-json\/wp\/v2\/comments?post=8866"}],"version-history":[{"count":23,"href":"https:\/\/vizyonmakina.com.tr\/en\/wp-json\/wp\/v2\/pages\/8866\/revisions"}],"predecessor-version":[{"id":10221,"href":"https:\/\/vizyonmakina.com.tr\/en\/wp-json\/wp\/v2\/pages\/8866\/revisions\/10221"}],"wp:attachment":[{"href":"https:\/\/vizyonmakina.com.tr\/en\/wp-json\/wp\/v2\/media?parent=8866"}],"curies":[{"name":"wp","href":"https:\/\/api.w.org\/{rel}","templated":true}]}}