{"id":8858,"date":"2023-02-15T17:58:11","date_gmt":"2023-02-15T14:58:11","guid":{"rendered":"https:\/\/vizyonmakina.com.tr\/?page_id=8858"},"modified":"2023-07-30T15:25:27","modified_gmt":"2023-07-30T12:25:27","slug":"wet-paint-systems","status":"publish","type":"page","link":"https:\/\/vizyonmakina.com.tr\/en\/wet-paint-systems\/","title":{"rendered":"Wet Paint Systems"},"content":{"rendered":"\t\t<div data-elementor-type=\"wp-page\" data-elementor-id=\"8858\" class=\"elementor elementor-8858\">\n\t\t\t\t\t\t\t\t\t<section class=\"elementor-section elementor-top-section elementor-element elementor-element-27e774f elementor-section-boxed elementor-section-height-default elementor-section-height-default\" data-id=\"27e774f\" data-element_type=\"section\">\n\t\t\t\t\t\t<div class=\"elementor-container elementor-column-gap-default\">\n\t\t\t\t\t<div class=\"elementor-column elementor-col-100 elementor-top-column elementor-element elementor-element-996b281\" data-id=\"996b281\" data-element_type=\"column\">\n\t\t\t<div class=\"elementor-widget-wrap elementor-element-populated\">\n\t\t\t\t\t\t\t\t<div class=\"elementor-element elementor-element-ccc574e elementor-widget elementor-widget-heading\" data-id=\"ccc574e\" data-element_type=\"widget\" data-widget_type=\"heading.default\">\n\t\t\t\t<div class=\"elementor-widget-container\">\n\t\t\t<h1 class=\"elementor-heading-title elementor-size-default\">Wet Paint Systems<\/h1>\t\t<\/div>\n\t\t\t\t<\/div>\n\t\t\t\t<div class=\"elementor-element elementor-element-b27ffdc elementor-widget elementor-widget-text-editor\" data-id=\"b27ffdc\" data-element_type=\"widget\" data-widget_type=\"text-editor.default\">\n\t\t\t\t<div class=\"elementor-widget-container\">\n\t\t\t\t\t\t\t<p>The water curtain and cabin construction of the wet paint booths with <strong>water curtain<\/strong>, which we sell as Vizyon Makina, are produced with galvanized sheet panels. The water sent to the grooves in the upper part of the water curtain wet paint cabin systems is transmitted down the waterfall by means of gravity and thus a water curtain is formed on the metal surface. The water tanks in the wet paint booths with a water curtain, in which butterfly type service valves are used in their production, have a completely impermeable insulation.<\/p>\t\t\t\t\t\t<\/div>\n\t\t\t\t<\/div>\n\t\t\t\t\t<\/div>\n\t\t<\/div>\n\t\t\t\t\t\t\t<\/div>\n\t\t<\/section>\n\t\t\t\t<section class=\"elementor-section elementor-top-section elementor-element elementor-element-2708d63 elementor-section-boxed elementor-section-height-default elementor-section-height-default\" data-id=\"2708d63\" data-element_type=\"section\">\n\t\t\t\t\t\t<div class=\"elementor-container elementor-column-gap-default\">\n\t\t\t\t\t<div class=\"elementor-column elementor-col-100 elementor-top-column elementor-element elementor-element-b1a93e3\" data-id=\"b1a93e3\" data-element_type=\"column\">\n\t\t\t<div class=\"elementor-widget-wrap elementor-element-populated\">\n\t\t\t\t\t\t\t\t<div class=\"elementor-element elementor-element-1fef131 gallery-spacing-custom elementor-widget elementor-widget-image-gallery\" data-id=\"1fef131\" data-element_type=\"widget\" data-widget_type=\"image-gallery.default\">\n\t\t\t\t<div class=\"elementor-widget-container\">\n\t\t\t\t\t<div class=\"elementor-image-gallery\">\n\t\t\t\n\t\t<style type=\"text\/css\">\n\t\t\t#gallery-1 {\n\t\t\t\tmargin: auto;\n\t\t\t}\n\t\t\t#gallery-1 .gallery-item {\n\t\t\t\tfloat: left;\n\t\t\t\tmargin-top: 10px;\n\t\t\t\ttext-align: center;\n\t\t\t\twidth: 33%;\n\t\t\t}\n\t\t\t#gallery-1 img {\n\t\t\t\tborder: 2px solid #cfcfcf;\n\t\t\t}\n\t\t\t#gallery-1 .gallery-caption {\n\t\t\t\tmargin-left: 0;\n\t\t\t}\n\t\t\t\/* see gallery_shortcode() in wp-includes\/media.php *\/\n\t\t<\/style>\n\t\t<div id='gallery-1' class='gallery galleryid-8858 gallery-columns-3 gallery-size-full'><dl class='gallery-item'>\n\t\t\t<dt class='gallery-icon landscape'>\n\t\t\t\t<a data-elementor-open-lightbox=\"yes\" data-elementor-lightbox-slideshow=\"1fef131\" data-elementor-lightbox-title=\"WhatsApp Image 2023-03-02 at 15.04.58\" data-e-action-hash=\"#elementor-action%3Aaction%3Dlightbox%26settings%3DeyJpZCI6MTAxMzMsInVybCI6Imh0dHBzOlwvXC92aXp5b25tYWtpbmEuY29tLnRyXC9lblwvd3AtY29udGVudFwvdXBsb2Fkc1wvMjAyM1wvMDdcL1doYXRzQXBwLUltYWdlLTIwMjMtMDMtMDItYXQtMTUuMDQuNTgud2VicCIsInNsaWRlc2hvdyI6IjFmZWYxMzEifQ%3D%3D\" href='https:\/\/vizyonmakina.com.tr\/en\/wp-content\/uploads\/2023\/07\/WhatsApp-Image-2023-03-02-at-15.04.58.webp'><img fetchpriority=\"high\" width=\"800\" height=\"600\" src=\"https:\/\/vizyonmakina.com.tr\/en\/wp-content\/uploads\/2023\/07\/WhatsApp-Image-2023-03-02-at-15.04.58.webp\" class=\"attachment-full size-full\" alt=\"\" decoding=\"async\" srcset=\"https:\/\/vizyonmakina.com.tr\/en\/wp-content\/uploads\/2023\/07\/WhatsApp-Image-2023-03-02-at-15.04.58.webp 800w, https:\/\/vizyonmakina.com.tr\/en\/wp-content\/uploads\/2023\/07\/WhatsApp-Image-2023-03-02-at-15.04.58-300x225.webp 300w, https:\/\/vizyonmakina.com.tr\/en\/wp-content\/uploads\/2023\/07\/WhatsApp-Image-2023-03-02-at-15.04.58-768x576.webp 768w\" sizes=\"(max-width: 800px) 100vw, 800px\" \/><\/a>\n\t\t\t<\/dt><\/dl><dl class='gallery-item'>\n\t\t\t<dt class='gallery-icon landscape'>\n\t\t\t\t<a data-elementor-open-lightbox=\"yes\" data-elementor-lightbox-slideshow=\"1fef131\" data-elementor-lightbox-title=\"YA\u015e BOYA KAB\u0130N\u0130 -KURU T\u0130P\" data-e-action-hash=\"#elementor-action%3Aaction%3Dlightbox%26settings%3DeyJpZCI6MTAxMzEsInVybCI6Imh0dHBzOlwvXC92aXp5b25tYWtpbmEuY29tLnRyXC9lblwvd3AtY29udGVudFwvdXBsb2Fkc1wvMjAyM1wvMDdcL1lBUy1CT1lBLUtBQklOSS1LVVJVLVRJUC53ZWJwIiwic2xpZGVzaG93IjoiMWZlZjEzMSJ9\" href='https:\/\/vizyonmakina.com.tr\/en\/wp-content\/uploads\/2023\/07\/YAS-BOYA-KABINI-KURU-TIP.webp'><img width=\"800\" height=\"600\" src=\"https:\/\/vizyonmakina.com.tr\/en\/wp-content\/uploads\/2023\/07\/YAS-BOYA-KABINI-KURU-TIP.webp\" class=\"attachment-full size-full\" alt=\"\" decoding=\"async\" srcset=\"https:\/\/vizyonmakina.com.tr\/en\/wp-content\/uploads\/2023\/07\/YAS-BOYA-KABINI-KURU-TIP.webp 800w, https:\/\/vizyonmakina.com.tr\/en\/wp-content\/uploads\/2023\/07\/YAS-BOYA-KABINI-KURU-TIP-300x225.webp 300w, https:\/\/vizyonmakina.com.tr\/en\/wp-content\/uploads\/2023\/07\/YAS-BOYA-KABINI-KURU-TIP-768x576.webp 768w\" sizes=\"(max-width: 800px) 100vw, 800px\" \/><\/a>\n\t\t\t<\/dt><\/dl><dl class='gallery-item'>\n\t\t\t<dt class='gallery-icon landscape'>\n\t\t\t\t<a data-elementor-open-lightbox=\"yes\" data-elementor-lightbox-slideshow=\"1fef131\" data-elementor-lightbox-title=\"YA\u015e BOYA 7\" data-e-action-hash=\"#elementor-action%3Aaction%3Dlightbox%26settings%3DeyJpZCI6MTAxMjcsInVybCI6Imh0dHBzOlwvXC92aXp5b25tYWtpbmEuY29tLnRyXC9lblwvd3AtY29udGVudFwvdXBsb2Fkc1wvMjAyM1wvMDdcL1lBUy1CT1lBLTcud2VicCIsInNsaWRlc2hvdyI6IjFmZWYxMzEifQ%3D%3D\" href='https:\/\/vizyonmakina.com.tr\/en\/wp-content\/uploads\/2023\/07\/YAS-BOYA-7.webp'><img width=\"800\" height=\"600\" src=\"https:\/\/vizyonmakina.com.tr\/en\/wp-content\/uploads\/2023\/07\/YAS-BOYA-7.webp\" class=\"attachment-full size-full\" alt=\"\" decoding=\"async\" srcset=\"https:\/\/vizyonmakina.com.tr\/en\/wp-content\/uploads\/2023\/07\/YAS-BOYA-7.webp 800w, https:\/\/vizyonmakina.com.tr\/en\/wp-content\/uploads\/2023\/07\/YAS-BOYA-7-300x225.webp 300w, https:\/\/vizyonmakina.com.tr\/en\/wp-content\/uploads\/2023\/07\/YAS-BOYA-7-768x576.webp 768w\" sizes=\"(max-width: 800px) 100vw, 800px\" \/><\/a>\n\t\t\t<\/dt><\/dl><br style=\"clear: both\" \/><dl class='gallery-item'>\n\t\t\t<dt class='gallery-icon landscape'>\n\t\t\t\t<a data-elementor-open-lightbox=\"yes\" data-elementor-lightbox-slideshow=\"1fef131\" data-elementor-lightbox-title=\"YA\u015e B. 3\" data-e-action-hash=\"#elementor-action%3Aaction%3Dlightbox%26settings%3DeyJpZCI6MTAxMzUsInVybCI6Imh0dHBzOlwvXC92aXp5b25tYWtpbmEuY29tLnRyXC9lblwvd3AtY29udGVudFwvdXBsb2Fkc1wvMjAyM1wvMDdcL1lBUy1CLi0zLndlYnAiLCJzbGlkZXNob3ciOiIxZmVmMTMxIn0%3D\" href='https:\/\/vizyonmakina.com.tr\/en\/wp-content\/uploads\/2023\/07\/YAS-B.-3.webp'><img loading=\"lazy\" width=\"800\" height=\"600\" src=\"https:\/\/vizyonmakina.com.tr\/en\/wp-content\/uploads\/2023\/07\/YAS-B.-3.webp\" class=\"attachment-full size-full\" alt=\"\" decoding=\"async\" srcset=\"https:\/\/vizyonmakina.com.tr\/en\/wp-content\/uploads\/2023\/07\/YAS-B.-3.webp 800w, https:\/\/vizyonmakina.com.tr\/en\/wp-content\/uploads\/2023\/07\/YAS-B.-3-300x225.webp 300w, https:\/\/vizyonmakina.com.tr\/en\/wp-content\/uploads\/2023\/07\/YAS-B.-3-768x576.webp 768w\" sizes=\"(max-width: 800px) 100vw, 800px\" \/><\/a>\n\t\t\t<\/dt><\/dl><dl class='gallery-item'>\n\t\t\t<dt class='gallery-icon landscape'>\n\t\t\t\t<a data-elementor-open-lightbox=\"yes\" data-elementor-lightbox-slideshow=\"1fef131\" data-elementor-lightbox-title=\"YA\u015e B 1\" data-e-action-hash=\"#elementor-action%3Aaction%3Dlightbox%26settings%3DeyJpZCI6MTAxMzQsInVybCI6Imh0dHBzOlwvXC92aXp5b25tYWtpbmEuY29tLnRyXC9lblwvd3AtY29udGVudFwvdXBsb2Fkc1wvMjAyM1wvMDdcL1lBUy1CLTEud2VicCIsInNsaWRlc2hvdyI6IjFmZWYxMzEifQ%3D%3D\" href='https:\/\/vizyonmakina.com.tr\/en\/wp-content\/uploads\/2023\/07\/YAS-B-1.webp'><img loading=\"lazy\" width=\"800\" height=\"600\" src=\"https:\/\/vizyonmakina.com.tr\/en\/wp-content\/uploads\/2023\/07\/YAS-B-1.webp\" class=\"attachment-full size-full\" alt=\"\" decoding=\"async\" srcset=\"https:\/\/vizyonmakina.com.tr\/en\/wp-content\/uploads\/2023\/07\/YAS-B-1.webp 800w, https:\/\/vizyonmakina.com.tr\/en\/wp-content\/uploads\/2023\/07\/YAS-B-1-300x225.webp 300w, https:\/\/vizyonmakina.com.tr\/en\/wp-content\/uploads\/2023\/07\/YAS-B-1-768x576.webp 768w\" sizes=\"(max-width: 800px) 100vw, 800px\" \/><\/a>\n\t\t\t<\/dt><\/dl><dl class='gallery-item'>\n\t\t\t<dt class='gallery-icon landscape'>\n\t\t\t\t<a data-elementor-open-lightbox=\"yes\" data-elementor-lightbox-slideshow=\"1fef131\" data-elementor-lightbox-title=\"YA\u015e BOYA 11\" data-e-action-hash=\"#elementor-action%3Aaction%3Dlightbox%26settings%3DeyJpZCI6MTAxMzAsInVybCI6Imh0dHBzOlwvXC92aXp5b25tYWtpbmEuY29tLnRyXC9lblwvd3AtY29udGVudFwvdXBsb2Fkc1wvMjAyM1wvMDdcL1lBUy1CT1lBLTExLndlYnAiLCJzbGlkZXNob3ciOiIxZmVmMTMxIn0%3D\" href='https:\/\/vizyonmakina.com.tr\/en\/wp-content\/uploads\/2023\/07\/YAS-BOYA-11.webp'><img loading=\"lazy\" width=\"800\" height=\"600\" src=\"https:\/\/vizyonmakina.com.tr\/en\/wp-content\/uploads\/2023\/07\/YAS-BOYA-11.webp\" class=\"attachment-full size-full\" alt=\"\" decoding=\"async\" srcset=\"https:\/\/vizyonmakina.com.tr\/en\/wp-content\/uploads\/2023\/07\/YAS-BOYA-11.webp 800w, https:\/\/vizyonmakina.com.tr\/en\/wp-content\/uploads\/2023\/07\/YAS-BOYA-11-300x225.webp 300w, https:\/\/vizyonmakina.com.tr\/en\/wp-content\/uploads\/2023\/07\/YAS-BOYA-11-768x576.webp 768w\" sizes=\"(max-width: 800px) 100vw, 800px\" \/><\/a>\n\t\t\t<\/dt><\/dl><br style=\"clear: both\" \/><dl class='gallery-item'>\n\t\t\t<dt class='gallery-icon landscape'>\n\t\t\t\t<a data-elementor-open-lightbox=\"yes\" data-elementor-lightbox-slideshow=\"1fef131\" data-elementor-lightbox-title=\"YA\u015e BOYA 9\" data-e-action-hash=\"#elementor-action%3Aaction%3Dlightbox%26settings%3DeyJpZCI6MTAxMjksInVybCI6Imh0dHBzOlwvXC92aXp5b25tYWtpbmEuY29tLnRyXC9lblwvd3AtY29udGVudFwvdXBsb2Fkc1wvMjAyM1wvMDdcL1lBUy1CT1lBLTkud2VicCIsInNsaWRlc2hvdyI6IjFmZWYxMzEifQ%3D%3D\" href='https:\/\/vizyonmakina.com.tr\/en\/wp-content\/uploads\/2023\/07\/YAS-BOYA-9.webp'><img loading=\"lazy\" width=\"800\" height=\"600\" src=\"https:\/\/vizyonmakina.com.tr\/en\/wp-content\/uploads\/2023\/07\/YAS-BOYA-9.webp\" class=\"attachment-full size-full\" alt=\"\" decoding=\"async\" srcset=\"https:\/\/vizyonmakina.com.tr\/en\/wp-content\/uploads\/2023\/07\/YAS-BOYA-9.webp 800w, https:\/\/vizyonmakina.com.tr\/en\/wp-content\/uploads\/2023\/07\/YAS-BOYA-9-300x225.webp 300w, https:\/\/vizyonmakina.com.tr\/en\/wp-content\/uploads\/2023\/07\/YAS-BOYA-9-768x576.webp 768w\" sizes=\"(max-width: 800px) 100vw, 800px\" \/><\/a>\n\t\t\t<\/dt><\/dl><dl class='gallery-item'>\n\t\t\t<dt class='gallery-icon landscape'>\n\t\t\t\t<a data-elementor-open-lightbox=\"yes\" data-elementor-lightbox-slideshow=\"1fef131\" data-elementor-lightbox-title=\"yas-boya-sistemleri (7)\" data-e-action-hash=\"#elementor-action%3Aaction%3Dlightbox%26settings%3DeyJpZCI6OTI0NywidXJsIjoiaHR0cHM6XC9cL3Zpenlvbm1ha2luYS5jb20udHJcL2VuXC93cC1jb250ZW50XC91cGxvYWRzXC8yMDIzXC8wMlwveWFzLWJveWEtc2lzdGVtbGVyaS03LndlYnAiLCJzbGlkZXNob3ciOiIxZmVmMTMxIn0%3D\" href='https:\/\/vizyonmakina.com.tr\/en\/wp-content\/uploads\/2023\/02\/yas-boya-sistemleri-7.webp'><img loading=\"lazy\" width=\"800\" height=\"600\" src=\"https:\/\/vizyonmakina.com.tr\/en\/wp-content\/uploads\/2023\/02\/yas-boya-sistemleri-7.webp\" class=\"attachment-full size-full\" alt=\"\" decoding=\"async\" srcset=\"https:\/\/vizyonmakina.com.tr\/en\/wp-content\/uploads\/2023\/02\/yas-boya-sistemleri-7.webp 800w, https:\/\/vizyonmakina.com.tr\/en\/wp-content\/uploads\/2023\/02\/yas-boya-sistemleri-7-300x225.webp 300w, https:\/\/vizyonmakina.com.tr\/en\/wp-content\/uploads\/2023\/02\/yas-boya-sistemleri-7-768x576.webp 768w\" sizes=\"(max-width: 800px) 100vw, 800px\" \/><\/a>\n\t\t\t<\/dt><\/dl><dl class='gallery-item'>\n\t\t\t<dt class='gallery-icon landscape'>\n\t\t\t\t<a data-elementor-open-lightbox=\"yes\" data-elementor-lightbox-slideshow=\"1fef131\" data-elementor-lightbox-title=\"YA\u015e BOYA 8\" data-e-action-hash=\"#elementor-action%3Aaction%3Dlightbox%26settings%3DeyJpZCI6MTAxMjgsInVybCI6Imh0dHBzOlwvXC92aXp5b25tYWtpbmEuY29tLnRyXC9lblwvd3AtY29udGVudFwvdXBsb2Fkc1wvMjAyM1wvMDdcL1lBUy1CT1lBLTgud2VicCIsInNsaWRlc2hvdyI6IjFmZWYxMzEifQ%3D%3D\" href='https:\/\/vizyonmakina.com.tr\/en\/wp-content\/uploads\/2023\/07\/YAS-BOYA-8.webp'><img loading=\"lazy\" width=\"800\" height=\"600\" src=\"https:\/\/vizyonmakina.com.tr\/en\/wp-content\/uploads\/2023\/07\/YAS-BOYA-8.webp\" class=\"attachment-full size-full\" alt=\"\" decoding=\"async\" srcset=\"https:\/\/vizyonmakina.com.tr\/en\/wp-content\/uploads\/2023\/07\/YAS-BOYA-8.webp 800w, https:\/\/vizyonmakina.com.tr\/en\/wp-content\/uploads\/2023\/07\/YAS-BOYA-8-300x225.webp 300w, https:\/\/vizyonmakina.com.tr\/en\/wp-content\/uploads\/2023\/07\/YAS-BOYA-8-768x576.webp 768w\" sizes=\"(max-width: 800px) 100vw, 800px\" \/><\/a>\n\t\t\t<\/dt><\/dl><br style=\"clear: both\" \/><dl class='gallery-item'>\n\t\t\t<dt class='gallery-icon landscape'>\n\t\t\t\t<a data-elementor-open-lightbox=\"yes\" data-elementor-lightbox-slideshow=\"1fef131\" data-elementor-lightbox-title=\"W_GM_5000EAC\" data-e-action-hash=\"#elementor-action%3Aaction%3Dlightbox%26settings%3DeyJpZCI6MTAxMzIsInVybCI6Imh0dHBzOlwvXC92aXp5b25tYWtpbmEuY29tLnRyXC9lblwvd3AtY29udGVudFwvdXBsb2Fkc1wvMjAyM1wvMDdcL1dfR01fNTAwMEVBQy53ZWJwIiwic2xpZGVzaG93IjoiMWZlZjEzMSJ9\" href='https:\/\/vizyonmakina.com.tr\/en\/wp-content\/uploads\/2023\/07\/W_GM_5000EAC.webp'><img loading=\"lazy\" width=\"800\" height=\"600\" src=\"https:\/\/vizyonmakina.com.tr\/en\/wp-content\/uploads\/2023\/07\/W_GM_5000EAC.webp\" class=\"attachment-full size-full\" alt=\"\" decoding=\"async\" srcset=\"https:\/\/vizyonmakina.com.tr\/en\/wp-content\/uploads\/2023\/07\/W_GM_5000EAC.webp 800w, https:\/\/vizyonmakina.com.tr\/en\/wp-content\/uploads\/2023\/07\/W_GM_5000EAC-300x225.webp 300w, https:\/\/vizyonmakina.com.tr\/en\/wp-content\/uploads\/2023\/07\/W_GM_5000EAC-768x576.webp 768w\" sizes=\"(max-width: 800px) 100vw, 800px\" \/><\/a>\n\t\t\t<\/dt><\/dl>\n\t\t\t<br style='clear: both' \/>\n\t\t<\/div>\n\t\t<\/div>\n\t\t\t\t<\/div>\n\t\t\t\t<\/div>\n\t\t\t\t\t<\/div>\n\t\t<\/div>\n\t\t\t\t\t\t\t<\/div>\n\t\t<\/section>\n\t\t\t\t<section class=\"elementor-section elementor-top-section elementor-element elementor-element-193ad7f elementor-section-boxed elementor-section-height-default elementor-section-height-default\" data-id=\"193ad7f\" data-element_type=\"section\">\n\t\t\t\t\t\t<div class=\"elementor-container elementor-column-gap-default\">\n\t\t\t\t\t<div class=\"elementor-column elementor-col-100 elementor-top-column elementor-element elementor-element-ff38979\" data-id=\"ff38979\" data-element_type=\"column\">\n\t\t\t<div class=\"elementor-widget-wrap elementor-element-populated\">\n\t\t\t\t\t\t\t\t<div class=\"elementor-element elementor-element-7bab4da elementor-widget elementor-widget-text-editor\" data-id=\"7bab4da\" data-element_type=\"widget\" data-widget_type=\"text-editor.default\">\n\t\t\t\t<div class=\"elementor-widget-container\">\n\t\t\t\t\t\t\t<p>Wet paint systems can be examined in two categories. These are Wet Paint Oven Box Type and Wet Paint Booth Water Curtain. You can see the images of the cabins below.<\/p>\t\t\t\t\t\t<\/div>\n\t\t\t\t<\/div>\n\t\t\t\t\t<\/div>\n\t\t<\/div>\n\t\t\t\t\t\t\t<\/div>\n\t\t<\/section>\n\t\t\t\t\t\t\t<\/div>\n\t\t","protected":false},"excerpt":{"rendered":"<p>Wet Paint Systems The water curtain and cabin construction of the wet paint booths with water curtain, which we sell as Vizyon Makina, are produced with galvanized sheet panels. The water sent to the grooves in the upper part of the water curtain wet paint cabin systems is transmitted down the waterfall by means of [&hellip;]<\/p>\n","protected":false},"author":1,"featured_media":0,"parent":0,"menu_order":0,"comment_status":"closed","ping_status":"closed","template":"elementor_header_footer","meta":[],"_links":{"self":[{"href":"https:\/\/vizyonmakina.com.tr\/en\/wp-json\/wp\/v2\/pages\/8858"}],"collection":[{"href":"https:\/\/vizyonmakina.com.tr\/en\/wp-json\/wp\/v2\/pages"}],"about":[{"href":"https:\/\/vizyonmakina.com.tr\/en\/wp-json\/wp\/v2\/types\/page"}],"author":[{"embeddable":true,"href":"https:\/\/vizyonmakina.com.tr\/en\/wp-json\/wp\/v2\/users\/1"}],"replies":[{"embeddable":true,"href":"https:\/\/vizyonmakina.com.tr\/en\/wp-json\/wp\/v2\/comments?post=8858"}],"version-history":[{"count":17,"href":"https:\/\/vizyonmakina.com.tr\/en\/wp-json\/wp\/v2\/pages\/8858\/revisions"}],"predecessor-version":[{"id":10141,"href":"https:\/\/vizyonmakina.com.tr\/en\/wp-json\/wp\/v2\/pages\/8858\/revisions\/10141"}],"wp:attachment":[{"href":"https:\/\/vizyonmakina.com.tr\/en\/wp-json\/wp\/v2\/media?parent=8858"}],"curies":[{"name":"wp","href":"https:\/\/api.w.org\/{rel}","templated":true}]}}