{"id":8826,"date":"2023-02-15T17:49:44","date_gmt":"2023-02-15T14:49:44","guid":{"rendered":"https:\/\/vizyonmakina.com.tr\/?page_id=8826"},"modified":"2023-08-02T22:07:01","modified_gmt":"2023-08-02T19:07:01","slug":"recycling-mobile-and-screen-warehouses","status":"publish","type":"page","link":"https:\/\/vizyonmakina.com.tr\/en\/recycling-mobile-and-screen-warehouses\/","title":{"rendered":"Recycling Mobile and Screen Warehouses"},"content":{"rendered":"\t\t<div data-elementor-type=\"wp-page\" data-elementor-id=\"8826\" class=\"elementor elementor-8826\">\n\t\t\t\t\t\t\t\t\t<section class=\"elementor-section elementor-top-section elementor-element elementor-element-5b29ad3 elementor-section-boxed elementor-section-height-default elementor-section-height-default\" data-id=\"5b29ad3\" data-element_type=\"section\">\n\t\t\t\t\t\t<div class=\"elementor-container elementor-column-gap-default\">\n\t\t\t\t\t<div class=\"elementor-column elementor-col-100 elementor-top-column elementor-element elementor-element-72f22c5\" data-id=\"72f22c5\" data-element_type=\"column\">\n\t\t\t<div class=\"elementor-widget-wrap elementor-element-populated\">\n\t\t\t\t\t\t\t\t<div class=\"elementor-element elementor-element-e19b419 elementor-widget elementor-widget-heading\" data-id=\"e19b419\" data-element_type=\"widget\" data-widget_type=\"heading.default\">\n\t\t\t\t<div class=\"elementor-widget-container\">\n\t\t\t<h1 class=\"elementor-heading-title elementor-size-default\">Recycling Mobile and Screen Warehouses<\/h1>\t\t<\/div>\n\t\t\t\t<\/div>\n\t\t\t\t\t<\/div>\n\t\t<\/div>\n\t\t\t\t\t\t\t<\/div>\n\t\t<\/section>\n\t\t\t\t<section class=\"elementor-section elementor-top-section elementor-element elementor-element-0b6f080 elementor-section-boxed elementor-section-height-default elementor-section-height-default\" data-id=\"0b6f080\" data-element_type=\"section\">\n\t\t\t\t\t\t<div class=\"elementor-container elementor-column-gap-default\">\n\t\t\t\t\t<div class=\"elementor-column elementor-col-100 elementor-top-column elementor-element elementor-element-708a13f\" data-id=\"708a13f\" data-element_type=\"column\">\n\t\t\t<div class=\"elementor-widget-wrap elementor-element-populated\">\n\t\t\t\t\t\t\t\t<div class=\"elementor-element elementor-element-9282cdd elementor-widget elementor-widget-heading\" data-id=\"9282cdd\" data-element_type=\"widget\" data-widget_type=\"heading.default\">\n\t\t\t\t<div class=\"elementor-widget-container\">\n\t\t\t<h3 class=\"elementor-heading-title elementor-size-default\">Recycling Systems<\/h3>\t\t<\/div>\n\t\t\t\t<\/div>\n\t\t\t\t\t<\/div>\n\t\t<\/div>\n\t\t\t\t\t\t\t<\/div>\n\t\t<\/section>\n\t\t\t\t<section class=\"elementor-section elementor-top-section elementor-element elementor-element-2402653 elementor-section-boxed elementor-section-height-default elementor-section-height-default\" data-id=\"2402653\" data-element_type=\"section\">\n\t\t\t\t\t\t<div class=\"elementor-container elementor-column-gap-default\">\n\t\t\t\t\t<div class=\"elementor-column elementor-col-100 elementor-top-column elementor-element elementor-element-03eb261\" data-id=\"03eb261\" data-element_type=\"column\">\n\t\t\t<div class=\"elementor-widget-wrap elementor-element-populated\">\n\t\t\t\t\t\t\t\t<div class=\"elementor-element elementor-element-ba39313 gallery-spacing-custom elementor-widget elementor-widget-image-gallery\" data-id=\"ba39313\" data-element_type=\"widget\" data-widget_type=\"image-gallery.default\">\n\t\t\t\t<div class=\"elementor-widget-container\">\n\t\t\t\t\t<div class=\"elementor-image-gallery\">\n\t\t\t\n\t\t<style type=\"text\/css\">\n\t\t\t#gallery-1 {\n\t\t\t\tmargin: auto;\n\t\t\t}\n\t\t\t#gallery-1 .gallery-item {\n\t\t\t\tfloat: left;\n\t\t\t\tmargin-top: 10px;\n\t\t\t\ttext-align: center;\n\t\t\t\twidth: 25%;\n\t\t\t}\n\t\t\t#gallery-1 img {\n\t\t\t\tborder: 2px solid #cfcfcf;\n\t\t\t}\n\t\t\t#gallery-1 .gallery-caption {\n\t\t\t\tmargin-left: 0;\n\t\t\t}\n\t\t\t\/* see gallery_shortcode() in wp-includes\/media.php *\/\n\t\t<\/style>\n\t\t<div id='gallery-1' class='gallery galleryid-8826 gallery-columns-4 gallery-size-full'><dl class='gallery-item'>\n\t\t\t<dt class='gallery-icon landscape'>\n\t\t\t\t<a data-elementor-open-lightbox=\"yes\" data-elementor-lightbox-slideshow=\"ba39313\" data-elementor-lightbox-title=\"Geri D\u00f6n\u00fc\u015f\u00fcm Sistemi\" data-e-action-hash=\"#elementor-action%3Aaction%3Dlightbox%26settings%3DeyJpZCI6MTAwMDcsInVybCI6Imh0dHBzOlwvXC92aXp5b25tYWtpbmEuY29tLnRyXC9lblwvd3AtY29udGVudFwvdXBsb2Fkc1wvMjAyM1wvMDdcL0dlcmktRG9udXN1bS1TaXN0ZW1pLndlYnAiLCJzbGlkZXNob3ciOiJiYTM5MzEzIn0%3D\" href='https:\/\/vizyonmakina.com.tr\/en\/wp-content\/uploads\/2023\/07\/Geri-Donusum-Sistemi.webp'><img fetchpriority=\"high\" width=\"800\" height=\"600\" src=\"https:\/\/vizyonmakina.com.tr\/en\/wp-content\/uploads\/2023\/07\/Geri-Donusum-Sistemi.webp\" class=\"attachment-full size-full\" alt=\"\" decoding=\"async\" aria-describedby=\"gallery-1-10007\" srcset=\"https:\/\/vizyonmakina.com.tr\/en\/wp-content\/uploads\/2023\/07\/Geri-Donusum-Sistemi.webp 800w, https:\/\/vizyonmakina.com.tr\/en\/wp-content\/uploads\/2023\/07\/Geri-Donusum-Sistemi-300x225.webp 300w, https:\/\/vizyonmakina.com.tr\/en\/wp-content\/uploads\/2023\/07\/Geri-Donusum-Sistemi-768x576.webp 768w\" sizes=\"(max-width: 800px) 100vw, 800px\" \/><\/a>\n\t\t\t<\/dt>\n\t\t\t\t<dd class='wp-caption-text gallery-caption' id='gallery-1-10007'>\n\t\t\t\tRecycling Systems\n\t\t\t\t<\/dd><\/dl><dl class='gallery-item'>\n\t\t\t<dt class='gallery-icon landscape'>\n\t\t\t\t<a data-elementor-open-lightbox=\"yes\" data-elementor-lightbox-slideshow=\"ba39313\" data-elementor-lightbox-title=\"Geri D\u00f6n\u00fc\u015f\u00fcm 3\" data-e-action-hash=\"#elementor-action%3Aaction%3Dlightbox%26settings%3DeyJpZCI6MTAwMDYsInVybCI6Imh0dHBzOlwvXC92aXp5b25tYWtpbmEuY29tLnRyXC9lblwvd3AtY29udGVudFwvdXBsb2Fkc1wvMjAyM1wvMDdcL0dlcmktRG9udXN1bS0zLndlYnAiLCJzbGlkZXNob3ciOiJiYTM5MzEzIn0%3D\" href='https:\/\/vizyonmakina.com.tr\/en\/wp-content\/uploads\/2023\/07\/Geri-Donusum-3.webp'><img width=\"800\" height=\"600\" src=\"https:\/\/vizyonmakina.com.tr\/en\/wp-content\/uploads\/2023\/07\/Geri-Donusum-3.webp\" class=\"attachment-full size-full\" alt=\"\" decoding=\"async\" aria-describedby=\"gallery-1-10006\" srcset=\"https:\/\/vizyonmakina.com.tr\/en\/wp-content\/uploads\/2023\/07\/Geri-Donusum-3.webp 800w, https:\/\/vizyonmakina.com.tr\/en\/wp-content\/uploads\/2023\/07\/Geri-Donusum-3-300x225.webp 300w, https:\/\/vizyonmakina.com.tr\/en\/wp-content\/uploads\/2023\/07\/Geri-Donusum-3-768x576.webp 768w\" sizes=\"(max-width: 800px) 100vw, 800px\" \/><\/a>\n\t\t\t<\/dt>\n\t\t\t\t<dd class='wp-caption-text gallery-caption' id='gallery-1-10006'>\n\t\t\t\tRecycling Systems\n\t\t\t\t<\/dd><\/dl><dl class='gallery-item'>\n\t\t\t<dt class='gallery-icon landscape'>\n\t\t\t\t<a data-elementor-open-lightbox=\"yes\" data-elementor-lightbox-slideshow=\"ba39313\" data-elementor-lightbox-title=\"GER\u0130 D\u00d6N\u00dc\u015e\u00dcM STR\" data-e-action-hash=\"#elementor-action%3Aaction%3Dlightbox%26settings%3DeyJpZCI6MTAwMDgsInVybCI6Imh0dHBzOlwvXC92aXp5b25tYWtpbmEuY29tLnRyXC9lblwvd3AtY29udGVudFwvdXBsb2Fkc1wvMjAyM1wvMDdcL0dFUkktRE9OVVNVTS1TVFIud2VicCIsInNsaWRlc2hvdyI6ImJhMzkzMTMifQ%3D%3D\" href='https:\/\/vizyonmakina.com.tr\/en\/wp-content\/uploads\/2023\/07\/GERI-DONUSUM-STR.webp'><img width=\"800\" height=\"600\" src=\"https:\/\/vizyonmakina.com.tr\/en\/wp-content\/uploads\/2023\/07\/GERI-DONUSUM-STR.webp\" class=\"attachment-full size-full\" alt=\"\" decoding=\"async\" aria-describedby=\"gallery-1-10008\" srcset=\"https:\/\/vizyonmakina.com.tr\/en\/wp-content\/uploads\/2023\/07\/GERI-DONUSUM-STR.webp 800w, https:\/\/vizyonmakina.com.tr\/en\/wp-content\/uploads\/2023\/07\/GERI-DONUSUM-STR-300x225.webp 300w, https:\/\/vizyonmakina.com.tr\/en\/wp-content\/uploads\/2023\/07\/GERI-DONUSUM-STR-768x576.webp 768w\" sizes=\"(max-width: 800px) 100vw, 800px\" \/><\/a>\n\t\t\t<\/dt>\n\t\t\t\t<dd class='wp-caption-text gallery-caption' id='gallery-1-10008'>\n\t\t\t\tRecycling Systems\n\t\t\t\t<\/dd><\/dl><dl class='gallery-item'>\n\t\t\t<dt class='gallery-icon landscape'>\n\t\t\t\t<a data-elementor-open-lightbox=\"yes\" data-elementor-lightbox-slideshow=\"ba39313\" data-elementor-lightbox-title=\"geri-donusm-sistemleri-geri-donusum-resimler (3)\" data-e-action-hash=\"#elementor-action%3Aaction%3Dlightbox%26settings%3DeyJpZCI6ODk5NSwidXJsIjoiaHR0cHM6XC9cL3Zpenlvbm1ha2luYS5jb20udHJcL2VuXC93cC1jb250ZW50XC91cGxvYWRzXC8yMDIzXC8wMlwvZ2VyaS1kb251c20tc2lzdGVtbGVyaS1nZXJpLWRvbnVzdW0tcmVzaW1sZXItMy53ZWJwIiwic2xpZGVzaG93IjoiYmEzOTMxMyJ9\" href='https:\/\/vizyonmakina.com.tr\/en\/wp-content\/uploads\/2023\/02\/geri-donusm-sistemleri-geri-donusum-resimler-3.webp'><img loading=\"lazy\" width=\"800\" height=\"600\" src=\"https:\/\/vizyonmakina.com.tr\/en\/wp-content\/uploads\/2023\/02\/geri-donusm-sistemleri-geri-donusum-resimler-3.webp\" class=\"attachment-full size-full\" alt=\"\" decoding=\"async\" aria-describedby=\"gallery-1-8995\" srcset=\"https:\/\/vizyonmakina.com.tr\/en\/wp-content\/uploads\/2023\/02\/geri-donusm-sistemleri-geri-donusum-resimler-3.webp 800w, https:\/\/vizyonmakina.com.tr\/en\/wp-content\/uploads\/2023\/02\/geri-donusm-sistemleri-geri-donusum-resimler-3-300x225.webp 300w, https:\/\/vizyonmakina.com.tr\/en\/wp-content\/uploads\/2023\/02\/geri-donusm-sistemleri-geri-donusum-resimler-3-768x576.webp 768w\" sizes=\"(max-width: 800px) 100vw, 800px\" \/><\/a>\n\t\t\t<\/dt>\n\t\t\t\t<dd class='wp-caption-text gallery-caption' id='gallery-1-8995'>\n\t\t\t\tRecycling Systems\n\t\t\t\t<\/dd><\/dl><br style=\"clear: both\" \/>\n\t\t<\/div>\n\t\t<\/div>\n\t\t\t\t<\/div>\n\t\t\t\t<\/div>\n\t\t\t\t\t<\/div>\n\t\t<\/div>\n\t\t\t\t\t\t\t<\/div>\n\t\t<\/section>\n\t\t\t\t<section class=\"elementor-section elementor-top-section elementor-element elementor-element-5d826a6 elementor-section-boxed elementor-section-height-default elementor-section-height-default\" data-id=\"5d826a6\" data-element_type=\"section\">\n\t\t\t\t\t\t<div class=\"elementor-container elementor-column-gap-default\">\n\t\t\t\t\t<div class=\"elementor-column elementor-col-100 elementor-top-column elementor-element elementor-element-2da6142\" data-id=\"2da6142\" data-element_type=\"column\">\n\t\t\t<div class=\"elementor-widget-wrap elementor-element-populated\">\n\t\t\t\t\t\t\t\t<div class=\"elementor-element elementor-element-a95053b elementor-widget elementor-widget-heading\" data-id=\"a95053b\" data-element_type=\"widget\" data-widget_type=\"heading.default\">\n\t\t\t\t<div class=\"elementor-widget-container\">\n\t\t\t<h3 class=\"elementor-heading-title elementor-size-default\">Powder Coating Warehouses<\/h3>\t\t<\/div>\n\t\t\t\t<\/div>\n\t\t\t\t\t<\/div>\n\t\t<\/div>\n\t\t\t\t\t\t\t<\/div>\n\t\t<\/section>\n\t\t\t\t<section class=\"elementor-section elementor-top-section elementor-element elementor-element-434062d elementor-section-boxed elementor-section-height-default elementor-section-height-default\" data-id=\"434062d\" data-element_type=\"section\">\n\t\t\t\t\t\t<div class=\"elementor-container elementor-column-gap-default\">\n\t\t\t\t\t<div class=\"elementor-column elementor-col-100 elementor-top-column elementor-element elementor-element-1ba7462\" data-id=\"1ba7462\" data-element_type=\"column\">\n\t\t\t<div class=\"elementor-widget-wrap elementor-element-populated\">\n\t\t\t\t\t\t\t\t<div class=\"elementor-element elementor-element-80f151b gallery-spacing-custom elementor-widget elementor-widget-image-gallery\" data-id=\"80f151b\" data-element_type=\"widget\" data-widget_type=\"image-gallery.default\">\n\t\t\t\t<div class=\"elementor-widget-container\">\n\t\t\t\t\t<div class=\"elementor-image-gallery\">\n\t\t\t\n\t\t<style type=\"text\/css\">\n\t\t\t#gallery-2 {\n\t\t\t\tmargin: auto;\n\t\t\t}\n\t\t\t#gallery-2 .gallery-item {\n\t\t\t\tfloat: left;\n\t\t\t\tmargin-top: 10px;\n\t\t\t\ttext-align: center;\n\t\t\t\twidth: 25%;\n\t\t\t}\n\t\t\t#gallery-2 img {\n\t\t\t\tborder: 2px solid #cfcfcf;\n\t\t\t}\n\t\t\t#gallery-2 .gallery-caption {\n\t\t\t\tmargin-left: 0;\n\t\t\t}\n\t\t\t\/* see gallery_shortcode() in wp-includes\/media.php *\/\n\t\t<\/style>\n\t\t<div id='gallery-2' class='gallery galleryid-8826 gallery-columns-4 gallery-size-full'><dl class='gallery-item'>\n\t\t\t<dt class='gallery-icon landscape'>\n\t\t\t\t<a data-elementor-open-lightbox=\"yes\" data-elementor-lightbox-slideshow=\"80f151b\" data-elementor-lightbox-title=\"geri-donusum-seyyar-elek-ve-depolar-toz-boya-depolari (2)\" data-e-action-hash=\"#elementor-action%3Aaction%3Dlightbox%26settings%3DeyJpZCI6OTAwMSwidXJsIjoiaHR0cHM6XC9cL3Zpenlvbm1ha2luYS5jb20udHJcL2VuXC93cC1jb250ZW50XC91cGxvYWRzXC8yMDIzXC8wMlwvZ2VyaS1kb251c3VtLXNleXlhci1lbGVrLXZlLWRlcG9sYXItdG96LWJveWEtZGVwb2xhcmktMi53ZWJwIiwic2xpZGVzaG93IjoiODBmMTUxYiJ9\" href='https:\/\/vizyonmakina.com.tr\/en\/wp-content\/uploads\/2023\/02\/geri-donusum-seyyar-elek-ve-depolar-toz-boya-depolari-2.webp'><img loading=\"lazy\" width=\"800\" height=\"600\" src=\"https:\/\/vizyonmakina.com.tr\/en\/wp-content\/uploads\/2023\/02\/geri-donusum-seyyar-elek-ve-depolar-toz-boya-depolari-2.webp\" class=\"attachment-full size-full\" alt=\"\" decoding=\"async\" aria-describedby=\"gallery-2-9001\" srcset=\"https:\/\/vizyonmakina.com.tr\/en\/wp-content\/uploads\/2023\/02\/geri-donusum-seyyar-elek-ve-depolar-toz-boya-depolari-2.webp 800w, https:\/\/vizyonmakina.com.tr\/en\/wp-content\/uploads\/2023\/02\/geri-donusum-seyyar-elek-ve-depolar-toz-boya-depolari-2-300x225.webp 300w, https:\/\/vizyonmakina.com.tr\/en\/wp-content\/uploads\/2023\/02\/geri-donusum-seyyar-elek-ve-depolar-toz-boya-depolari-2-768x576.webp 768w\" sizes=\"(max-width: 800px) 100vw, 800px\" \/><\/a>\n\t\t\t<\/dt>\n\t\t\t\t<dd class='wp-caption-text gallery-caption' id='gallery-2-9001'>\n\t\t\t\tPowder Coating Warehouses\n\t\t\t\t<\/dd><\/dl><dl class='gallery-item'>\n\t\t\t<dt class='gallery-icon landscape'>\n\t\t\t\t<a data-elementor-open-lightbox=\"yes\" data-elementor-lightbox-slideshow=\"80f151b\" data-elementor-lightbox-title=\"120 LT. Depo\" data-e-action-hash=\"#elementor-action%3Aaction%3Dlightbox%26settings%3DeyJpZCI6MTAwMTIsInVybCI6Imh0dHBzOlwvXC92aXp5b25tYWtpbmEuY29tLnRyXC9lblwvd3AtY29udGVudFwvdXBsb2Fkc1wvMjAyM1wvMDdcLzEyMC1MVC4tRGVwby53ZWJwIiwic2xpZGVzaG93IjoiODBmMTUxYiJ9\" href='https:\/\/vizyonmakina.com.tr\/en\/wp-content\/uploads\/2023\/07\/120-LT.-Depo.webp'><img loading=\"lazy\" width=\"800\" height=\"600\" src=\"https:\/\/vizyonmakina.com.tr\/en\/wp-content\/uploads\/2023\/07\/120-LT.-Depo.webp\" class=\"attachment-full size-full\" alt=\"\" decoding=\"async\" aria-describedby=\"gallery-2-10012\" srcset=\"https:\/\/vizyonmakina.com.tr\/en\/wp-content\/uploads\/2023\/07\/120-LT.-Depo.webp 800w, https:\/\/vizyonmakina.com.tr\/en\/wp-content\/uploads\/2023\/07\/120-LT.-Depo-300x225.webp 300w, https:\/\/vizyonmakina.com.tr\/en\/wp-content\/uploads\/2023\/07\/120-LT.-Depo-768x576.webp 768w\" sizes=\"(max-width: 800px) 100vw, 800px\" \/><\/a>\n\t\t\t<\/dt>\n\t\t\t\t<dd class='wp-caption-text gallery-caption' id='gallery-2-10012'>\n\t\t\t\t120 LT. Warehouse\n\t\t\t\t<\/dd><\/dl><dl class='gallery-item'>\n\t\t\t<dt class='gallery-icon landscape'>\n\t\t\t\t<a data-elementor-open-lightbox=\"yes\" data-elementor-lightbox-slideshow=\"80f151b\" data-elementor-lightbox-title=\"Depo \u00e7e\u015fitleri\" data-e-action-hash=\"#elementor-action%3Aaction%3Dlightbox%26settings%3DeyJpZCI6MTAwMTAsInVybCI6Imh0dHBzOlwvXC92aXp5b25tYWtpbmEuY29tLnRyXC9lblwvd3AtY29udGVudFwvdXBsb2Fkc1wvMjAyM1wvMDdcL0RlcG8tY2VzaXRsZXJpLndlYnAiLCJzbGlkZXNob3ciOiI4MGYxNTFiIn0%3D\" href='https:\/\/vizyonmakina.com.tr\/en\/wp-content\/uploads\/2023\/07\/Depo-cesitleri.webp'><img loading=\"lazy\" width=\"800\" height=\"600\" src=\"https:\/\/vizyonmakina.com.tr\/en\/wp-content\/uploads\/2023\/07\/Depo-cesitleri.webp\" class=\"attachment-full size-full\" alt=\"\" decoding=\"async\" aria-describedby=\"gallery-2-10010\" srcset=\"https:\/\/vizyonmakina.com.tr\/en\/wp-content\/uploads\/2023\/07\/Depo-cesitleri.webp 800w, https:\/\/vizyonmakina.com.tr\/en\/wp-content\/uploads\/2023\/07\/Depo-cesitleri-300x225.webp 300w, https:\/\/vizyonmakina.com.tr\/en\/wp-content\/uploads\/2023\/07\/Depo-cesitleri-768x576.webp 768w\" sizes=\"(max-width: 800px) 100vw, 800px\" \/><\/a>\n\t\t\t<\/dt>\n\t\t\t\t<dd class='wp-caption-text gallery-caption' id='gallery-2-10010'>\n\t\t\t\tWarehouse Types\n\t\t\t\t<\/dd><\/dl><dl class='gallery-item'>\n\t\t\t<dt class='gallery-icon landscape'>\n\t\t\t\t<a data-elementor-open-lightbox=\"yes\" data-elementor-lightbox-slideshow=\"80f151b\" data-elementor-lightbox-title=\"depo yuvarlak\" data-e-action-hash=\"#elementor-action%3Aaction%3Dlightbox%26settings%3DeyJpZCI6MTAwMTEsInVybCI6Imh0dHBzOlwvXC92aXp5b25tYWtpbmEuY29tLnRyXC9lblwvd3AtY29udGVudFwvdXBsb2Fkc1wvMjAyM1wvMDdcL2RlcG8teXV2YXJsYWsud2VicCIsInNsaWRlc2hvdyI6IjgwZjE1MWIifQ%3D%3D\" href='https:\/\/vizyonmakina.com.tr\/en\/wp-content\/uploads\/2023\/07\/depo-yuvarlak.webp'><img loading=\"lazy\" width=\"800\" height=\"600\" src=\"https:\/\/vizyonmakina.com.tr\/en\/wp-content\/uploads\/2023\/07\/depo-yuvarlak.webp\" class=\"attachment-full size-full\" alt=\"\" decoding=\"async\" aria-describedby=\"gallery-2-10011\" srcset=\"https:\/\/vizyonmakina.com.tr\/en\/wp-content\/uploads\/2023\/07\/depo-yuvarlak.webp 800w, https:\/\/vizyonmakina.com.tr\/en\/wp-content\/uploads\/2023\/07\/depo-yuvarlak-300x225.webp 300w, https:\/\/vizyonmakina.com.tr\/en\/wp-content\/uploads\/2023\/07\/depo-yuvarlak-768x576.webp 768w\" sizes=\"(max-width: 800px) 100vw, 800px\" \/><\/a>\n\t\t\t<\/dt>\n\t\t\t\t<dd class='wp-caption-text gallery-caption' id='gallery-2-10011'>\n\t\t\t\tWarehouse Round\n\t\t\t\t<\/dd><\/dl><br style=\"clear: both\" \/>\n\t\t<\/div>\n\t\t<\/div>\n\t\t\t\t<\/div>\n\t\t\t\t<\/div>\n\t\t\t\t\t<\/div>\n\t\t<\/div>\n\t\t\t\t\t\t\t<\/div>\n\t\t<\/section>\n\t\t\t\t<section class=\"elementor-section elementor-top-section elementor-element elementor-element-340f7c1 elementor-section-boxed elementor-section-height-default elementor-section-height-default\" data-id=\"340f7c1\" data-element_type=\"section\">\n\t\t\t\t\t\t<div class=\"elementor-container elementor-column-gap-default\">\n\t\t\t\t\t<div class=\"elementor-column elementor-col-100 elementor-top-column elementor-element elementor-element-5c8c909\" data-id=\"5c8c909\" data-element_type=\"column\">\n\t\t\t<div class=\"elementor-widget-wrap elementor-element-populated\">\n\t\t\t\t\t\t\t\t<div class=\"elementor-element elementor-element-4505285 elementor-widget elementor-widget-heading\" data-id=\"4505285\" data-element_type=\"widget\" data-widget_type=\"heading.default\">\n\t\t\t\t<div class=\"elementor-widget-container\">\n\t\t\t<h3 class=\"elementor-heading-title elementor-size-default\">Portable Screens and Injectors<\/h3>\t\t<\/div>\n\t\t\t\t<\/div>\n\t\t\t\t\t<\/div>\n\t\t<\/div>\n\t\t\t\t\t\t\t<\/div>\n\t\t<\/section>\n\t\t\t\t<section class=\"elementor-section elementor-top-section elementor-element elementor-element-5207fe7 elementor-section-boxed elementor-section-height-default elementor-section-height-default\" data-id=\"5207fe7\" data-element_type=\"section\">\n\t\t\t\t\t\t<div class=\"elementor-container elementor-column-gap-default\">\n\t\t\t\t\t<div class=\"elementor-column elementor-col-100 elementor-top-column elementor-element elementor-element-96489c9\" data-id=\"96489c9\" data-element_type=\"column\">\n\t\t\t<div class=\"elementor-widget-wrap elementor-element-populated\">\n\t\t\t\t\t\t\t\t<div class=\"elementor-element elementor-element-fa962e7 gallery-spacing-custom elementor-widget elementor-widget-image-gallery\" data-id=\"fa962e7\" data-element_type=\"widget\" data-widget_type=\"image-gallery.default\">\n\t\t\t\t<div class=\"elementor-widget-container\">\n\t\t\t\t\t<div class=\"elementor-image-gallery\">\n\t\t\t\n\t\t<style type=\"text\/css\">\n\t\t\t#gallery-3 {\n\t\t\t\tmargin: auto;\n\t\t\t}\n\t\t\t#gallery-3 .gallery-item {\n\t\t\t\tfloat: left;\n\t\t\t\tmargin-top: 10px;\n\t\t\t\ttext-align: center;\n\t\t\t\twidth: 25%;\n\t\t\t}\n\t\t\t#gallery-3 img {\n\t\t\t\tborder: 2px solid #cfcfcf;\n\t\t\t}\n\t\t\t#gallery-3 .gallery-caption {\n\t\t\t\tmargin-left: 0;\n\t\t\t}\n\t\t\t\/* see gallery_shortcode() in wp-includes\/media.php *\/\n\t\t<\/style>\n\t\t<div id='gallery-3' class='gallery galleryid-8826 gallery-columns-4 gallery-size-full'><dl class='gallery-item'>\n\t\t\t<dt class='gallery-icon landscape'>\n\t\t\t\t<a data-elementor-open-lightbox=\"yes\" data-elementor-lightbox-slideshow=\"fa962e7\" data-elementor-lightbox-title=\"GEMA T\u0130P ENJEKT\u00d6R\" data-e-action-hash=\"#elementor-action%3Aaction%3Dlightbox%26settings%3DeyJpZCI6OTkzOSwidXJsIjoiaHR0cHM6XC9cL3Zpenlvbm1ha2luYS5jb20udHJcL2VuXC93cC1jb250ZW50XC91cGxvYWRzXC8yMDIzXC8wN1wvR0VNQS1USVAtRU5KRUtUT1Iud2VicCIsInNsaWRlc2hvdyI6ImZhOTYyZTcifQ%3D%3D\" href='https:\/\/vizyonmakina.com.tr\/en\/wp-content\/uploads\/2023\/07\/GEMA-TIP-ENJEKTOR.webp'><img loading=\"lazy\" width=\"800\" height=\"600\" src=\"https:\/\/vizyonmakina.com.tr\/en\/wp-content\/uploads\/2023\/07\/GEMA-TIP-ENJEKTOR.webp\" class=\"attachment-full size-full\" alt=\"\" decoding=\"async\" aria-describedby=\"gallery-3-9939\" srcset=\"https:\/\/vizyonmakina.com.tr\/en\/wp-content\/uploads\/2023\/07\/GEMA-TIP-ENJEKTOR.webp 800w, https:\/\/vizyonmakina.com.tr\/en\/wp-content\/uploads\/2023\/07\/GEMA-TIP-ENJEKTOR-300x225.webp 300w, https:\/\/vizyonmakina.com.tr\/en\/wp-content\/uploads\/2023\/07\/GEMA-TIP-ENJEKTOR-768x576.webp 768w\" sizes=\"(max-width: 800px) 100vw, 800px\" \/><\/a>\n\t\t\t<\/dt>\n\t\t\t\t<dd class='wp-caption-text gallery-caption' id='gallery-3-9939'>\n\t\t\t\tGema Type Injectors\n\t\t\t\t<\/dd><\/dl><dl class='gallery-item'>\n\t\t\t<dt class='gallery-icon landscape'>\n\t\t\t\t<a data-elementor-open-lightbox=\"yes\" data-elementor-lightbox-slideshow=\"fa962e7\" data-elementor-lightbox-title=\"STANDART ENJEKT\u00d6R\" data-e-action-hash=\"#elementor-action%3Aaction%3Dlightbox%26settings%3DeyJpZCI6OTk0MCwidXJsIjoiaHR0cHM6XC9cL3Zpenlvbm1ha2luYS5jb20udHJcL2VuXC93cC1jb250ZW50XC91cGxvYWRzXC8yMDIzXC8wN1wvU1RBTkRBUlQtRU5KRUtUT1Iud2VicCIsInNsaWRlc2hvdyI6ImZhOTYyZTcifQ%3D%3D\" href='https:\/\/vizyonmakina.com.tr\/en\/wp-content\/uploads\/2023\/07\/STANDART-ENJEKTOR.webp'><img loading=\"lazy\" width=\"800\" height=\"600\" src=\"https:\/\/vizyonmakina.com.tr\/en\/wp-content\/uploads\/2023\/07\/STANDART-ENJEKTOR.webp\" class=\"attachment-full size-full\" alt=\"\" decoding=\"async\" aria-describedby=\"gallery-3-9940\" srcset=\"https:\/\/vizyonmakina.com.tr\/en\/wp-content\/uploads\/2023\/07\/STANDART-ENJEKTOR.webp 800w, https:\/\/vizyonmakina.com.tr\/en\/wp-content\/uploads\/2023\/07\/STANDART-ENJEKTOR-300x225.webp 300w, https:\/\/vizyonmakina.com.tr\/en\/wp-content\/uploads\/2023\/07\/STANDART-ENJEKTOR-768x576.webp 768w\" sizes=\"(max-width: 800px) 100vw, 800px\" \/><\/a>\n\t\t\t<\/dt>\n\t\t\t\t<dd class='wp-caption-text gallery-caption' id='gallery-3-9940'>\n\t\t\t\tStandart Injectors\n\t\t\t\t<\/dd><\/dl><dl class='gallery-item'>\n\t\t\t<dt class='gallery-icon landscape'>\n\t\t\t\t<a data-elementor-open-lightbox=\"yes\" data-elementor-lightbox-slideshow=\"fa962e7\" data-elementor-lightbox-title=\"SEYYAR ELEK KIRMIZI V\u0130ZYONa\" data-e-action-hash=\"#elementor-action%3Aaction%3Dlightbox%26settings%3DeyJpZCI6MTAwMDksInVybCI6Imh0dHBzOlwvXC92aXp5b25tYWtpbmEuY29tLnRyXC9lblwvd3AtY29udGVudFwvdXBsb2Fkc1wvMjAyM1wvMDdcL1NFWVlBUi1FTEVLLUtJUk1JWkktVklaWU9OYS53ZWJwIiwic2xpZGVzaG93IjoiZmE5NjJlNyJ9\" href='https:\/\/vizyonmakina.com.tr\/en\/wp-content\/uploads\/2023\/07\/SEYYAR-ELEK-KIRMIZI-VIZYONa.webp'><img loading=\"lazy\" width=\"800\" height=\"600\" src=\"https:\/\/vizyonmakina.com.tr\/en\/wp-content\/uploads\/2023\/07\/SEYYAR-ELEK-KIRMIZI-VIZYONa.webp\" class=\"attachment-full size-full\" alt=\"\" decoding=\"async\" aria-describedby=\"gallery-3-10009\" srcset=\"https:\/\/vizyonmakina.com.tr\/en\/wp-content\/uploads\/2023\/07\/SEYYAR-ELEK-KIRMIZI-VIZYONa.webp 800w, https:\/\/vizyonmakina.com.tr\/en\/wp-content\/uploads\/2023\/07\/SEYYAR-ELEK-KIRMIZI-VIZYONa-300x225.webp 300w, https:\/\/vizyonmakina.com.tr\/en\/wp-content\/uploads\/2023\/07\/SEYYAR-ELEK-KIRMIZI-VIZYONa-768x576.webp 768w\" sizes=\"(max-width: 800px) 100vw, 800px\" \/><\/a>\n\t\t\t<\/dt>\n\t\t\t\t<dd class='wp-caption-text gallery-caption' id='gallery-3-10009'>\n\t\t\t\tPortable Screens\u200b Red\n\t\t\t\t<\/dd><\/dl><dl class='gallery-item'>\n\t\t\t<dt class='gallery-icon landscape'>\n\t\t\t\t<a data-elementor-open-lightbox=\"yes\" data-elementor-lightbox-slideshow=\"fa962e7\" data-elementor-lightbox-title=\"Seyyar Elek vizyon\" data-e-action-hash=\"#elementor-action%3Aaction%3Dlightbox%26settings%3DeyJpZCI6MTAyMDQsInVybCI6Imh0dHBzOlwvXC92aXp5b25tYWtpbmEuY29tLnRyXC9lblwvd3AtY29udGVudFwvdXBsb2Fkc1wvMjAyM1wvMDhcL1NleXlhci1FbGVrLXZpenlvbi53ZWJwIiwic2xpZGVzaG93IjoiZmE5NjJlNyJ9\" href='https:\/\/vizyonmakina.com.tr\/en\/wp-content\/uploads\/2023\/08\/Seyyar-Elek-vizyon.webp'><img loading=\"lazy\" width=\"800\" height=\"600\" src=\"https:\/\/vizyonmakina.com.tr\/en\/wp-content\/uploads\/2023\/08\/Seyyar-Elek-vizyon.webp\" class=\"attachment-full size-full\" alt=\"\" decoding=\"async\" aria-describedby=\"gallery-3-10204\" srcset=\"https:\/\/vizyonmakina.com.tr\/en\/wp-content\/uploads\/2023\/08\/Seyyar-Elek-vizyon.webp 800w, https:\/\/vizyonmakina.com.tr\/en\/wp-content\/uploads\/2023\/08\/Seyyar-Elek-vizyon-300x225.webp 300w, https:\/\/vizyonmakina.com.tr\/en\/wp-content\/uploads\/2023\/08\/Seyyar-Elek-vizyon-768x576.webp 768w\" sizes=\"(max-width: 800px) 100vw, 800px\" \/><\/a>\n\t\t\t<\/dt>\n\t\t\t\t<dd class='wp-caption-text gallery-caption' id='gallery-3-10204'>\n\t\t\t\tPortable Screens\u200b Yellow\n\t\t\t\t<\/dd><\/dl><br style=\"clear: both\" \/>\n\t\t<\/div>\n\t\t<\/div>\n\t\t\t\t<\/div>\n\t\t\t\t<\/div>\n\t\t\t\t\t<\/div>\n\t\t<\/div>\n\t\t\t\t\t\t\t<\/div>\n\t\t<\/section>\n\t\t\t\t\t\t\t<\/div>\n\t\t","protected":false},"excerpt":{"rendered":"<p>Recycling Mobile and Screen Warehouses Recycling Systems Recycling Systems Recycling Systems Recycling Systems Recycling Systems Powder Coating Warehouses Powder Coating Warehouses 120 LT. Warehouse Warehouse Types Warehouse Round Portable Screens and Injectors Gema Type Injectors Standart Injectors Portable Screens\u200b Red Portable Screens\u200b Yellow<\/p>\n","protected":false},"author":1,"featured_media":0,"parent":0,"menu_order":0,"comment_status":"closed","ping_status":"closed","template":"elementor_header_footer","meta":[],"_links":{"self":[{"href":"https:\/\/vizyonmakina.com.tr\/en\/wp-json\/wp\/v2\/pages\/8826"}],"collection":[{"href":"https:\/\/vizyonmakina.com.tr\/en\/wp-json\/wp\/v2\/pages"}],"about":[{"href":"https:\/\/vizyonmakina.com.tr\/en\/wp-json\/wp\/v2\/types\/page"}],"author":[{"embeddable":true,"href":"https:\/\/vizyonmakina.com.tr\/en\/wp-json\/wp\/v2\/users\/1"}],"replies":[{"embeddable":true,"href":"https:\/\/vizyonmakina.com.tr\/en\/wp-json\/wp\/v2\/comments?post=8826"}],"version-history":[{"count":31,"href":"https:\/\/vizyonmakina.com.tr\/en\/wp-json\/wp\/v2\/pages\/8826\/revisions"}],"predecessor-version":[{"id":10224,"href":"https:\/\/vizyonmakina.com.tr\/en\/wp-json\/wp\/v2\/pages\/8826\/revisions\/10224"}],"wp:attachment":[{"href":"https:\/\/vizyonmakina.com.tr\/en\/wp-json\/wp\/v2\/media?parent=8826"}],"curies":[{"name":"wp","href":"https:\/\/api.w.org\/{rel}","templated":true}]}}